{"id":20511,"date":"2025-02-28T11:47:09","date_gmt":"2025-02-28T10:47:09","guid":{"rendered":"https:\/\/clinicalaseo.com\/mapa-del-sitio\/"},"modified":"2025-07-03T11:34:07","modified_gmt":"2025-07-03T09:34:07","slug":"site-map","status":"publish","type":"page","link":"https:\/\/clinicalaseo.com\/en\/site-map\/","title":{"rendered":"Site map"},"content":{"rendered":"<div class=\"wsp-container\"><h2 class=\"wsp-pages-title\">Pages<\/h2>\n<ul class=\"wsp-pages-list\">\n<li class=\"page_item page-item-20500\"><a href=\"https:\/\/clinicalaseo.com\/en\/accessibility\/\">Accessibility<\/a><\/li>\n<li class=\"page_item page-item-20472\"><a href=\"https:\/\/clinicalaseo.com\/en\/advanced-physiotherapy\/\">Advanced Physiotherapy<\/a><\/li>\n<li class=\"page_item page-item-20461\"><a href=\"https:\/\/clinicalaseo.com\/en\/audiometry\/\">Audiometry<\/a><\/li>\n<li class=\"page_item page-item-20495\"><a href=\"https:\/\/clinicalaseo.com\/en\/blog\/\">Blog<\/a><\/li>\n<li class=\"page_item page-item-20510\"><a href=\"https:\/\/clinicalaseo.com\/en\/book-an-appointment\/\">Book an appointment<\/a><\/li>\n<li class=\"page_item page-item-20492\"><a href=\"https:\/\/clinicalaseo.com\/en\/clinical-analyses\/\">Clinical Analyses<\/a><\/li>\n<li class=\"page_item page-item-20499\"><a href=\"https:\/\/clinicalaseo.com\/en\/contact\/\">Contact<\/a><\/li>\n<li class=\"page_item page-item-20506\"><a href=\"https:\/\/clinicalaseo.com\/en\/cookie-law\/\">Cookie law<\/a><\/li>\n<li class=\"page_item page-item-20464\"><a href=\"https:\/\/clinicalaseo.com\/en\/diagnostic-methods\/\">Diagnostic Methods<\/a><\/li>\n<li class=\"page_item page-item-20459\"><a href=\"https:\/\/clinicalaseo.com\/en\/digital-radiology\/\">Digital Radiology<\/a><\/li>\n<li class=\"page_item page-item-20460\"><a href=\"https:\/\/clinicalaseo.com\/en\/electrocardiogram\/\">Electrocardiogram<\/a><\/li>\n<li class=\"page_item page-item-20471\"><a href=\"https:\/\/clinicalaseo.com\/en\/high-energy-electromagnetic-focal-shock-waves\/\">Electromagnetic Focal Shock Waves<\/a><\/li>\n<li class=\"page_item page-item-20493\"><a href=\"https:\/\/clinicalaseo.com\/en\/functional-physiotherapy\/\">Functional physiotherapy<\/a><\/li>\n<li class=\"page_item page-item-20503\"><a href=\"https:\/\/clinicalaseo.com\/en\/gallery\/\">Gallery<\/a><\/li>\n<li class=\"page_item page-item-20469\"><a href=\"https:\/\/clinicalaseo.com\/en\/general-medicine\/\">General Medicine<\/a><\/li>\n<li class=\"page_item page-item-20509\"><a href=\"https:\/\/clinicalaseo.com\/en\/gynecology\/\">Gynecology<\/a><\/li>\n<li class=\"page_item page-item-20502\"><a href=\"https:\/\/clinicalaseo.com\/en\/\">Home<\/a><\/li>\n<li class=\"page_item page-item-20497\"><a href=\"https:\/\/clinicalaseo.com\/en\/medical-examinations\/\">Medical examinations<\/a><\/li>\n<li class=\"page_item page-item-20466\"><a href=\"https:\/\/clinicalaseo.com\/en\/medical-team\/\">Medical Team<\/a><\/li>\n<li class=\"page_item page-item-20496\"><a href=\"https:\/\/clinicalaseo.com\/en\/mutuals-and-work-accidents\/\">Mutuals and work accidents<\/a><\/li>\n<li class=\"page_item page-item-20470\"><a href=\"https:\/\/clinicalaseo.com\/en\/neurosurgery\/\">Neurosurgery<\/a><\/li>\n<li class=\"page_item page-item-20468\"><a href=\"https:\/\/clinicalaseo.com\/en\/nursing\/\">Nursing<\/a><\/li>\n<li class=\"page_item page-item-20473\"><a href=\"https:\/\/clinicalaseo.com\/en\/pediatrics\/\">Pediatrics<\/a><\/li>\n<li class=\"page_item page-item-21159\"><a href=\"https:\/\/clinicalaseo.com\/en\/physiotherapy-xativa\/\">Physiotherapy Xativa<\/a><\/li>\n<li class=\"page_item page-item-20524\"><a href=\"https:\/\/clinicalaseo.com\/en\/physiotherapy-osteopathy\/\">Physiotherapy\/Osteopathy<\/a><\/li>\n<li class=\"page_item page-item-20507\"><a href=\"https:\/\/clinicalaseo.com\/en\/privacy-policy\/\">Privacy Policy<\/a><\/li>\n<li class=\"page_item page-item-20505\"><a href=\"https:\/\/clinicalaseo.com\/en\/psychiatry\/\">Psychiatry<\/a><\/li>\n<li class=\"page_item page-item-20508\"><a href=\"https:\/\/clinicalaseo.com\/en\/psychology\/\">Psychology<\/a><\/li>\n<li class=\"page_item page-item-20467\"><a href=\"https:\/\/clinicalaseo.com\/en\/psychotechnical-test\/\">Psychotechnical test<\/a><\/li>\n<li class=\"page_item page-item-20498\"><a href=\"https:\/\/clinicalaseo.com\/en\/radiofrequency-and-diathermy\/\">Radiofrequency and Diathermy<\/a><\/li>\n<li class=\"page_item page-item-20525\"><a href=\"https:\/\/clinicalaseo.com\/en\/rheumatology\/\">Rheumatology<\/a><\/li>\n<li class=\"page_item page-item-20504\"><a href=\"https:\/\/clinicalaseo.com\/en\/xativa-clinic\/\">Services<\/a><\/li>\n<li class=\"page_item page-item-20511\"><a href=\"https:\/\/clinicalaseo.com\/en\/site-map\/\">Site map<\/a><\/li>\n<li class=\"page_item page-item-20465\"><a href=\"https:\/\/clinicalaseo.com\/en\/specialties\/\">Specialties<\/a><\/li>\n<li class=\"page_item page-item-20463\"><a href=\"https:\/\/clinicalaseo.com\/en\/surgery\/\">Surgery<\/a><\/li>\n<li class=\"page_item page-item-20474\"><a href=\"https:\/\/clinicalaseo.com\/en\/terms-of-use\/\">Terms of use<\/a><\/li>\n<li class=\"page_item page-item-20475\"><a href=\"https:\/\/clinicalaseo.com\/en\/tests\/\">Tests<\/a><\/li>\n<li class=\"page_item page-item-20526\"><a href=\"https:\/\/clinicalaseo.com\/en\/traumatology\/\">Traumatology<\/a><\/li>\n<li class=\"page_item page-item-20462\"><a href=\"https:\/\/clinicalaseo.com\/en\/ultrasound-2-2\/\">Ultrasound Scanner<\/a><\/li>\n<li class=\"page_item page-item-20501\"><a href=\"https:\/\/clinicalaseo.com\/en\/xativa-medicine-clinic\/\">Us<\/a><\/li>\n<li class=\"page_item page-item-20494\"><a href=\"https:\/\/clinicalaseo.com\/en\/withdrawal\/\">Withdrawal<\/a><\/li>\n<\/ul>\n<h2 class=\"wsp-posts-title\">Posts by category<\/h2>\n<ul class=\"wsp-posts-list\">\n\t<li><strong class=\"wsp-category-title\">Category: <a href=\"https:\/\/clinicalaseo.com\/en\/category\/sin-categoria\/\">Sin categor\u00eda<\/a><\/strong>\n<ul class=\"wsp-posts-list\">\t\t<li class=\"wsp-post\"><a href=\"https:\/\/clinicalaseo.com\/atencion-sanitaria-en-xativa\/\">Atenci\u00f3n sanitaria en X\u00e0tiva<\/a><\/li>\n\t\t<li class=\"wsp-post\"><a href=\"https:\/\/clinicalaseo.com\/en\/healthcare-in-xativa\/\">Healthcare in X\u00e0tiva<\/a><\/li>\n\t\t<li class=\"wsp-post\"><a href=\"https:\/\/clinicalaseo.com\/clinica-integral-en-xativa\/\">Cl\u00ednica integral en X\u00e0tiva<\/a><\/li>\n\t\t<li class=\"wsp-post\"><a href=\"https:\/\/clinicalaseo.com\/en\/comprehensive-clinic-in-xativa\/\">Comprehensive clinic in X\u00e0tiva<\/a><\/li>\n\t\t<li class=\"wsp-post\"><a href=\"https:\/\/clinicalaseo.com\/salud-completa-en-xativa\/\">Salud completa en X\u00e0tiva<\/a><\/li>\n\t\t<li class=\"wsp-post\"><a href=\"https:\/\/clinicalaseo.com\/en\/complete-health-care-in-xativa\/\">Complete health care in X\u00e0tiva<\/a><\/li>\n\t\t<li class=\"wsp-post\"><a href=\"https:\/\/clinicalaseo.com\/atencion-especializada-en-xativa\/\">Atenci\u00f3n especializada en X\u00e0tiva<\/a><\/li>\n\t\t<li class=\"wsp-post\"><a href=\"https:\/\/clinicalaseo.com\/en\/specialized-care-in-xativa\/\">Specialized care in X\u00e0tiva<\/a><\/li>\n\t\t<li class=\"wsp-post\"><a href=\"https:\/\/clinicalaseo.com\/servicios-medicos-en-xativa\/\">Servicios m\u00e9dicos en X\u00e0tiva<\/a><\/li>\n\t\t<li class=\"wsp-post\"><a href=\"https:\/\/clinicalaseo.com\/en\/medical-services-in-xativa\/\">Medical services in X\u00e0tiva<\/a><\/li>\n\t\t<li class=\"wsp-post\"><a href=\"https:\/\/clinicalaseo.com\/centro-medico-en-xativa\/\">Centro m\u00e9dico en X\u00e0tiva<\/a><\/li>\n\t\t<li class=\"wsp-post\"><a href=\"https:\/\/clinicalaseo.com\/en\/medical-center-in-xativa\/\">Medical center in X\u00e0tiva<\/a><\/li>\n\t\t<li class=\"wsp-post\"><a href=\"https:\/\/clinicalaseo.com\/atencion-medica-en-xativa\/\">Atenci\u00f3n m\u00e9dica en X\u00e0tiva<\/a><\/li>\n\t\t<li class=\"wsp-post\"><a href=\"https:\/\/clinicalaseo.com\/en\/medical-care-in-xativa\/\">Medical care in X\u00e0tiva<\/a><\/li>\n\t\t<li class=\"wsp-post\"><a href=\"https:\/\/clinicalaseo.com\/en\/medical-clinic-in-xativa\/\">Medical clinic in X\u00e0tiva<\/a><\/li>\n\t\t<li class=\"wsp-post\"><a href=\"https:\/\/clinicalaseo.com\/clinica-medica-en-xativa\/\">Cl\u00ednica m\u00e9dica en X\u00e0tiva<\/a><\/li>\n\t\t<li class=\"wsp-post\"><a href=\"https:\/\/clinicalaseo.com\/diagnostico-y-tratamiento-en-xativa\/\">Diagn\u00f3stico y tratamiento en X\u00e0tiva<\/a><\/li>\n\t\t<li class=\"wsp-post\"><a href=\"https:\/\/clinicalaseo.com\/en\/diagnosis-and-treatment-in-xativa\/\">Diagnosis and treatment in X\u00e0tiva<\/a><\/li>\n\t\t<li class=\"wsp-post\"><a href=\"https:\/\/clinicalaseo.com\/en\/medical-specialists-in-xativa\/\">Medical specialists in X\u00e0tiva<\/a><\/li>\n\t\t<li class=\"wsp-post\"><a href=\"https:\/\/clinicalaseo.com\/especialistas-medicos-en-xativa\/\">Especialistas m\u00e9dicos en X\u00e0tiva<\/a><\/li>\n\t\t<li class=\"wsp-post\"><a href=\"https:\/\/clinicalaseo.com\/fisioterapia-en-xativa-recupera-tu-movilidad-y-bienestar\/\">Fisioterapia en X\u00e0tiva: Recupera tu movilidad y bienestar<\/a><\/li>\n\t\t<li class=\"wsp-post\"><a href=\"https:\/\/clinicalaseo.com\/en\/physiotherapy-in-xativa-regain-your-mobility-and-well-being\/\">Physiotherapy in X\u00e0tiva: Regain your mobility and well-being<\/a><\/li>\n\t\t<li class=\"wsp-post\"><a href=\"https:\/\/clinicalaseo.com\/psiquiatria-en-xativa-cuidado-integral-de-tu-salud-mental\/\">Psiquiatr\u00eda en X\u00e0tiva: cuidado integral de tu salud mental<\/a><\/li>\n\t\t<li class=\"wsp-post\"><a href=\"https:\/\/clinicalaseo.com\/en\/psychiatry-in-xativa-comprehensive-care-for-your-mental-health\/\">Psychiatry in X\u00e0tiva: comprehensive care for your mental health<\/a><\/li>\n\t\t<li class=\"wsp-post\"><a href=\"https:\/\/clinicalaseo.com\/cirugia-en-xativa-atencion-segura-y-resultados-de-calidad\/\">Cirug\u00eda en X\u00e0tiva: atenci\u00f3n segura y resultados de calidad<\/a><\/li>\n\t\t<li class=\"wsp-post\"><a href=\"https:\/\/clinicalaseo.com\/en\/surgery-in-xativa-safe-care-and-quality-results\/\">Surgery in X\u00e0tiva: safe care and quality results<\/a><\/li>\n\t\t<li class=\"wsp-post\"><a href=\"https:\/\/clinicalaseo.com\/ginecologia-en-xativa-cuidado-integral-para-tu-salud-femenina\/\">Ginecolog\u00eda en X\u00e0tiva: cuidado integral para tu salud femenina<\/a><\/li>\n\t\t<li class=\"wsp-post\"><a href=\"https:\/\/clinicalaseo.com\/en\/clinica-la-seo-offers-comprehensive-occupational-health-services-for-companies-in-xativa\/\">Cl\u00ednica La Seo offers comprehensive occupational health services for companies in X\u00e0tiva<\/a><\/li>\n\t\t<li class=\"wsp-post\"><a href=\"https:\/\/clinicalaseo.com\/recupera-tu-movilidad-con-traumatologia-avanzada-en-xativa\/\">Recupera tu movilidad con traumatolog\u00eda avanzada en X\u00e0tiva<\/a><\/li>\n\t\t<li class=\"wsp-post\"><a href=\"https:\/\/clinicalaseo.com\/en\/regain-your-mobility-with-advanced-traumatology-in-xativa\/\">Regain your mobility with advanced traumatology in X\u00e0tiva<\/a><\/li>\n\t\t<li class=\"wsp-post\"><a href=\"https:\/\/clinicalaseo.com\/en\/clinica-la-seo-revolutionizes-clinical-analysis-in-xativa-with-fast-and-accurate-results\/\">Cl\u00ednica La Seo revolutionizes clinical analysis in X\u00e0tiva with fast and accurate results<\/a><\/li>\n\t\t<li class=\"wsp-post\"><a href=\"https:\/\/clinicalaseo.com\/clinica-la-seo-revoluciona-los-analisis-clinicos-en-xativa-con-resultados-rapidos-y-precisos\/\">Cl\u00ednica La Seo revoluciona los an\u00e1lisis cl\u00ednicos en X\u00e0tiva con resultados r\u00e1pidos y precisos<\/a><\/li>\n\t\t<li class=\"wsp-post\"><a href=\"https:\/\/clinicalaseo.com\/en\/take-care-of-your-health-in-xativa\/\">Take care of your health in X\u00e0tiva<\/a><\/li>\n\t\t<li class=\"wsp-post\"><a href=\"https:\/\/clinicalaseo.com\/cuidar-tu-salud-en-xativa\/\">Cuidar tu salud en X\u00e0tiva<\/a><\/li>\n\t\t<li class=\"wsp-post\"><a href=\"https:\/\/clinicalaseo.com\/en\/comprehensive-health-in-xativa\/\">Comprehensive health in X\u00e0tiva<\/a><\/li>\n\t\t<li class=\"wsp-post\"><a href=\"https:\/\/clinicalaseo.com\/salud-integral-en-xativa\/\">Salud integral en X\u00e0tiva<\/a><\/li>\n\t\t<li class=\"wsp-post\"><a href=\"https:\/\/clinicalaseo.com\/psiquiatria-y-ginecologia-en-xativa\/\">Psiquiatr\u00eda y ginecolog\u00eda en X\u00e0tiva<\/a><\/li>\n\t\t<li class=\"wsp-post\"><a href=\"https:\/\/clinicalaseo.com\/en\/psychiatry-and-gynecology-in-xativa\/\">Psychiatry and gynecology in X\u00e0tiva<\/a><\/li>\n\t\t<li class=\"wsp-post\"><a href=\"https:\/\/clinicalaseo.com\/cirugia-y-analisis-clinicos-en-xativa\/\">Cirug\u00eda y an\u00e1lisis cl\u00ednicos en X\u00e0tiva<\/a><\/li>\n\t\t<li class=\"wsp-post\"><a href=\"https:\/\/clinicalaseo.com\/en\/surgery-and-clinical-analysis-in-xativa\/\">Surgery and clinical analysis in X\u00e0tiva<\/a><\/li>\n\t\t<li class=\"wsp-post\"><a href=\"https:\/\/clinicalaseo.com\/clinica-la-seo-ofrece-servicios-integrales-de-salud-laboral-para-empresas-en-xativa\/\">Cl\u00ednica La Seo ofrece servicios integrales de salud laboral para empresas en X\u00e0tiva<\/a><\/li>\n\t\t<li class=\"wsp-post\"><a href=\"https:\/\/clinicalaseo.com\/en\/la-seo-clinic-offers-comprehensive-occupational-health-services-for-companies-in-xativa\/\">Cl\u00ednica La Seo offers comprehensive occupational health services for companies in X\u00e0tiva<\/a><\/li>\n\t\t<li class=\"wsp-post\"><a href=\"https:\/\/clinicalaseo.com\/la-clinica-la-seo-en-xativa-incorpora-la-ultima-tecnologia-en-ondas-de-choque-focales-para-tratamiento-del-dolor\/\">La Cl\u00ednica La Seo en X\u00e0tiva incorpora la \u00faltima tecnolog\u00eda en ondas de choque focales para tratamiento del dolor<\/a><\/li>\n\t\t<li class=\"wsp-post\"><a href=\"https:\/\/clinicalaseo.com\/en\/the-seo-clinic-in-xativa-incorporates-the-latest-technology-in-focal-shock-waves-for-pain-treatment\/\">La Seo Clinic in X\u00e0tiva incorporates the latest technology in focal shock waves for pain treatment.<\/a><\/li>\n\t\t<li class=\"wsp-post\"><a href=\"https:\/\/clinicalaseo.com\/la-clinica-nuestra-senora-de-la-seo-amplia-sus-servicios-medicos-en-xativa-con-nuevas-especialidades\/\">La Cl\u00ednica Nuestra Se\u00f1ora de La Seo ampl\u00eda sus servicios m\u00e9dicos en X\u00e0tiva con nuevas especialidades<\/a><\/li>\n\t\t<li class=\"wsp-post\"><a href=\"https:\/\/clinicalaseo.com\/en\/nuestra-senora-de-la-seo-clinic-expands-its-medical-services-in-xativa-with-new-specialties\/\">The Nuestra Se\u00f1ora de La Seo Clinic expands its medical services in X\u00e0tiva with new specialties.<\/a><\/li>\n<\/ul><\/li>\n<\/ul>\n<h2 class=\"wsp-wpa-stats-types-title\">Stats Types<\/h2>\n<ul class=\"wsp-wpa-stats-types-list\">\n<li><a href=\"https:\/\/clinicalaseo.com\/en\/wpa-stats-type\/android\/\">Android<\/a><\/li>\n<li><a href=\"https:\/\/clinicalaseo.com\/wpa-stats-type\/chrome\/\">Chrome<\/a><\/li>\n<li><a href=\"https:\/\/clinicalaseo.com\/wpa-stats-type\/firefox\/\">Firefox<\/a><\/li>\n<li><a href=\"https:\/\/clinicalaseo.com\/en\/wpa-stats-type\/iphone\/\">iPhone<\/a><\/li>\n<li><a href=\"https:\/\/clinicalaseo.com\/en\/wpa-stats-type\/macintosh\/\">Macintosh<\/a><\/li>\n<li><a href=\"https:\/\/clinicalaseo.com\/en\/wpa-stats-type\/safari\/\">Safari<\/a><\/li>\n<li><a href=\"https:\/\/clinicalaseo.com\/wpa-stats-type\/view\/\">view<\/a><\/li>\n<li><a href=\"https:\/\/clinicalaseo.com\/wpa-stats-type\/windows\/\">Windows<\/a><\/li>\n<\/ul>\n<\/div>\n","protected":false},"excerpt":{"rendered":"","protected":false},"author":1,"featured_media":0,"parent":0,"menu_order":0,"comment_status":"closed","ping_status":"closed","template":"100-width.php","meta":{"footnotes":""},"class_list":["post-20511","page","type-page","status-publish","hentry"],"yoast_head":"<!-- This site is optimized with the Yoast SEO plugin v27.4 - https:\/\/yoast.com\/product\/yoast-seo-wordpress\/ -->\n<title>Site Map | La Seo Clinic | Browse our services and sections<\/title>\n<meta name=\"description\" content=\"Check out the Site Map for La Seo Clinic in X\u00e0tiva. Easily find our medical sections and services, as well as information on health and wellness.\" \/>\n<meta name=\"robots\" content=\"index, follow, max-snippet:-1, max-image-preview:large, max-video-preview:-1\" \/>\n<link rel=\"canonical\" href=\"https:\/\/clinicalaseo.com\/en\/site-map\/\" \/>\n<meta property=\"og:locale\" content=\"en_US\" \/>\n<meta property=\"og:type\" content=\"article\" \/>\n<meta property=\"og:title\" content=\"Site Map | La Seo Clinic | Browse our services and sections\" \/>\n<meta property=\"og:description\" content=\"Check out the Site Map for La Seo Clinic in X\u00e0tiva. Easily find our medical sections and services, as well as information on health and wellness.\" \/>\n<meta property=\"og:url\" content=\"https:\/\/clinicalaseo.com\/en\/site-map\/\" \/>\n<meta property=\"og:site_name\" content=\"CLINICA NUESTRA SE\u00d1ORA DE LA SEO S.L\" \/>\n<meta property=\"article:modified_time\" content=\"2025-07-03T09:34:07+00:00\" \/>\n<meta name=\"twitter:card\" content=\"summary_large_image\" \/>\n<!-- \/ Yoast SEO plugin. -->","yoast_head_json":{"title":"Site Map | La Seo Clinic | Browse our services and sections","description":"Check out the Site Map for La Seo Clinic in X\u00e0tiva. Easily find our medical sections and services, as well as information on health and wellness.","robots":{"index":"index","follow":"follow","max-snippet":"max-snippet:-1","max-image-preview":"max-image-preview:large","max-video-preview":"max-video-preview:-1"},"canonical":"https:\/\/clinicalaseo.com\/en\/site-map\/","og_locale":"en_US","og_type":"article","og_title":"Site Map | La Seo Clinic | Browse our services and sections","og_description":"Check out the Site Map for La Seo Clinic in X\u00e0tiva. Easily find our medical sections and services, as well as information on health and wellness.","og_url":"https:\/\/clinicalaseo.com\/en\/site-map\/","og_site_name":"CLINICA NUESTRA SE\u00d1ORA DE LA SEO S.L","article_modified_time":"2025-07-03T09:34:07+00:00","twitter_card":"summary_large_image","schema":{"@context":"https:\/\/schema.org","@graph":[{"@type":"WebPage","@id":"https:\/\/clinicalaseo.com\/en\/site-map\/","url":"https:\/\/clinicalaseo.com\/en\/site-map\/","name":"Site Map | La Seo Clinic | Browse our services and sections","isPartOf":{"@id":"https:\/\/clinicalaseo.com\/#website"},"datePublished":"2025-02-28T10:47:09+00:00","dateModified":"2025-07-03T09:34:07+00:00","description":"Check out the Site Map for La Seo Clinic in X\u00e0tiva. Easily find our medical sections and services, as well as information on health and wellness.","breadcrumb":{"@id":"https:\/\/clinicalaseo.com\/en\/site-map\/#breadcrumb"},"inLanguage":"en-US","potentialAction":[{"@type":"ReadAction","target":["https:\/\/clinicalaseo.com\/en\/site-map\/"]}]},{"@type":"BreadcrumbList","@id":"https:\/\/clinicalaseo.com\/en\/site-map\/#breadcrumb","itemListElement":[{"@type":"ListItem","position":1,"name":"Portada","item":"https:\/\/clinicalaseo.com\/en\/"},{"@type":"ListItem","position":2,"name":"Site map"}]},{"@type":"WebSite","@id":"https:\/\/clinicalaseo.com\/#website","url":"https:\/\/clinicalaseo.com\/","name":"CLINICA NUESTRA SE\u00d1ORA DE LA SEO S.L","description":"Centro m\u00e9dico asistencial en X\u00e0tiva","potentialAction":[{"@type":"SearchAction","target":{"@type":"EntryPoint","urlTemplate":"https:\/\/clinicalaseo.com\/?s={search_term_string}"},"query-input":{"@type":"PropertyValueSpecification","valueRequired":true,"valueName":"search_term_string"}}],"inLanguage":"en-US"},{"@type":"ImageObject","inLanguage":"en-US","@id":"https:\/\/clinicalaseo.com\/en\/site-map\/#local-main-organization-logo","url":"","contentUrl":"","caption":"CLINICA NUESTRA SE\u00d1ORA DE LA SEO S.L"}]}},"_links":{"self":[{"href":"https:\/\/clinicalaseo.com\/en\/wp-json\/wp\/v2\/pages\/20511","targetHints":{"allow":["GET"]}}],"collection":[{"href":"https:\/\/clinicalaseo.com\/en\/wp-json\/wp\/v2\/pages"}],"about":[{"href":"https:\/\/clinicalaseo.com\/en\/wp-json\/wp\/v2\/types\/page"}],"author":[{"embeddable":true,"href":"https:\/\/clinicalaseo.com\/en\/wp-json\/wp\/v2\/users\/1"}],"replies":[{"embeddable":true,"href":"https:\/\/clinicalaseo.com\/en\/wp-json\/wp\/v2\/comments?post=20511"}],"version-history":[{"count":1,"href":"https:\/\/clinicalaseo.com\/en\/wp-json\/wp\/v2\/pages\/20511\/revisions"}],"predecessor-version":[{"id":20730,"href":"https:\/\/clinicalaseo.com\/en\/wp-json\/wp\/v2\/pages\/20511\/revisions\/20730"}],"wp:attachment":[{"href":"https:\/\/clinicalaseo.com\/en\/wp-json\/wp\/v2\/media?parent=20511"}],"curies":[{"name":"wp","href":"https:\/\/api.w.org\/{rel}","templated":true}]}}