{"id":20510,"date":"2025-03-01T16:54:30","date_gmt":"2025-03-01T15:54:30","guid":{"rendered":"https:\/\/clinicalaseo.com\/pedir-cita\/"},"modified":"2025-07-03T11:30:47","modified_gmt":"2025-07-03T09:30:47","slug":"book-an-appointment","status":"publish","type":"page","link":"https:\/\/clinicalaseo.com\/en\/book-an-appointment\/","title":{"rendered":"Book an appointment"},"content":{"rendered":"<div class=\"fusion-fullwidth fullwidth-box fusion-builder-row-1 fusion-flex-container has-pattern-background has-mask-background nonhundred-percent-fullwidth non-hundred-percent-height-scrolling\" style=\"--awb-border-radius-top-left:0px;--awb-border-radius-top-right:0px;--awb-border-radius-bottom-right:0px;--awb-border-radius-bottom-left:0px;--awb-padding-top:2%;--awb-flex-wrap:wrap;\" ><div class=\"fusion-builder-row fusion-row fusion-flex-align-items-flex-start fusion-flex-content-wrap\" style=\"max-width:1404px;margin-left: calc(-4% \/ 2 );margin-right: calc(-4% \/ 2 );\"><div class=\"fusion-layout-column fusion_builder_column fusion-builder-column-0 fusion_builder_column_1_2 1_2 fusion-flex-column fusion-flex-align-self-center\" style=\"--awb-bg-size:cover;--awb-width-large:50%;--awb-margin-top-large:0px;--awb-spacing-right-large:3.84%;--awb-margin-bottom-large:20px;--awb-spacing-left-large:3.84%;--awb-width-medium:50%;--awb-order-medium:0;--awb-spacing-right-medium:3.84%;--awb-spacing-left-medium:3.84%;--awb-width-small:100%;--awb-order-small:0;--awb-spacing-right-small:1.92%;--awb-spacing-left-small:1.92%;\" data-scroll-devices=\"small-visibility,medium-visibility,large-visibility\"><div class=\"fusion-column-wrapper fusion-column-has-shadow fusion-flex-justify-content-center fusion-content-layout-column\"><div class=\"fusion-title title fusion-title-1 fusion-sep-none fusion-title-text fusion-title-size-two\"><h2 class=\"fusion-title-heading title-heading-left\" style=\"margin:0;\"><strong>Contact Information<\/strong><\/h2><\/div><div class=\"fusion-separator\" style=\"align-self: center;margin-left: auto;margin-right: auto;margin-bottom:40px;width:100%;max-width:50%;\"><div class=\"fusion-separator-border sep-single sep-solid\" style=\"--awb-height:20px;--awb-amount:20px;--awb-sep-color:var(--awb-color4);border-color:var(--awb-color4);border-top-width:0px;\"><\/div><\/div><ul style=\"--awb-line-height:27.2px;--awb-icon-width:27.2px;--awb-icon-height:27.2px;--awb-icon-margin:11.2px;--awb-content-margin:38.4px;--awb-circlecolor:var(--awb-color4);--awb-circle-yes-font-size:14.08px;\" class=\"fusion-checklist fusion-checklist-1 fusion-checklist-default type-icons\"><li class=\"fusion-li-item\" style=\"\"><span class=\"icon-wrapper circle-yes\"><i class=\"fusion-li-icon fa-map-marked fas\" aria-hidden=\"true\"><\/i><\/span><div class=\"fusion-li-item-content\">\n<p>Carrer Humaniste Llas de Fenollet, 46800 X\u00e0tiva<\/p>\n<\/div><\/li><li class=\"fusion-li-item\" style=\"\"><span class=\"icon-wrapper circle-yes\"><i class=\"fusion-li-icon fa-instagram fab\" aria-hidden=\"true\"><\/i><\/span><div class=\"fusion-li-item-content\">\n<p><a href=\"https:\/\/www.instagram.com\/clinicalaseo?igsh=MXhtZjFiMWdqbTM4MA%3D%3D&amp;utm_source=qr\">instagram@clinicalaseo.com<\/a><\/p>\n<\/div><\/li><li class=\"fusion-li-item\" style=\"\"><span class=\"icon-wrapper circle-yes\"><i class=\"fusion-li-icon fa-phone-alt fas\" aria-hidden=\"true\"><\/i><\/span><div class=\"fusion-li-item-content\">\n<p><a href=\"tel:+962%2028%2073%2026\">96 228 73 26<\/a><\/p>\n<\/div><\/li><\/ul><div class=\"fusion-separator\" style=\"align-self: center;margin-left: auto;margin-right: auto;margin-top:40px;margin-bottom:40px;width:100%;max-width:50%;\"><div class=\"fusion-separator-border sep-single sep-solid\" style=\"--awb-height:20px;--awb-amount:20px;--awb-sep-color:var(--awb-color4);border-color:var(--awb-color4);border-top-width:2px;\"><\/div><\/div><iframe src=\"https:\/\/www.google.com\/maps\/embed?pb=!1m18!1m12!1m3!1d3100.9240161834346!2d-0.5198500236254311!3d38.99423049098414!2m3!1f0!2f0!3f0!3m2!1i1024!2i768!4f13.1!3m3!1m2!1s0xd61a205bb8fbc33:0x960da74b49faed95!2sCl%C3%ADnica%20Nuestra%20Se%C3%B1ora%20De%20La%20Seo!5e0!3m2!1ses!2ses!4v1745579132127!5m2!1ses!2ses\" width=\"600\" height=\"450\" style=\"border:0;\" allowfullscreen=\"\" loading=\"lazy\" referrerpolicy=\"no-referrer-when-downgrade\"><\/iframe><\/div><\/div><div class=\"fusion-layout-column fusion_builder_column fusion-builder-column-1 fusion_builder_column_1_2 1_2 fusion-flex-column fusion-flex-align-self-center\" style=\"--awb-padding-top:24px;--awb-padding-right:24px;--awb-padding-bottom:24px;--awb-padding-left:24px;--awb-bg-color:var(--awb-color2);--awb-bg-color-hover:var(--awb-color2);--awb-bg-size:cover;--awb-width-large:50%;--awb-margin-top-large:0px;--awb-spacing-right-large:3.84%;--awb-margin-bottom-large:20px;--awb-spacing-left-large:3.84%;--awb-width-medium:50%;--awb-order-medium:0;--awb-spacing-right-medium:3.84%;--awb-spacing-left-medium:3.84%;--awb-width-small:100%;--awb-order-small:0;--awb-spacing-right-small:1.92%;--awb-spacing-left-small:1.92%;\" data-scroll-devices=\"small-visibility,medium-visibility,large-visibility\"><div class=\"fusion-column-wrapper fusion-column-has-shadow fusion-flex-justify-content-center fusion-content-layout-column\">\n<div class=\"wpcf7 no-js\" id=\"wpcf7-f20567-o1\" lang=\"en-US\" dir=\"ltr\" data-wpcf7-id=\"20567\">\n<div class=\"screen-reader-response\"><p role=\"status\" aria-live=\"polite\" aria-atomic=\"true\"><\/p> <ul><\/ul><\/div>\n<form action=\"\/en\/wp-json\/wp\/v2\/pages\/20510#wpcf7-f20567-o1\" method=\"post\" class=\"wpcf7-form init\" aria-label=\"Contact form\" novalidate=\"novalidate\" data-status=\"init\">\n<fieldset class=\"hidden-fields-container\"><input type=\"hidden\" name=\"_wpcf7\" value=\"20567\" \/><input type=\"hidden\" name=\"_wpcf7_version\" value=\"6.1.5\" \/><input type=\"hidden\" name=\"_wpcf7_locale\" value=\"en_US\" \/><input type=\"hidden\" name=\"_wpcf7_unit_tag\" value=\"wpcf7-f20567-o1\" \/><input type=\"hidden\" name=\"_wpcf7_container_post\" value=\"0\" \/><input type=\"hidden\" name=\"_wpcf7_posted_data_hash\" value=\"\" \/>\n<\/fieldset>\n<div class=\"fusion-alert alert custom alert-custom fusion-alert-center wpcf7-response-output awb-alert-native-link-color alert-dismissable awb-alert-close-boxed\" style=\"--awb-border-size:1px;--awb-border-top-left-radius:0px;--awb-border-top-right-radius:0px;--awb-border-bottom-left-radius:0px;--awb-border-bottom-right-radius:0px;\" role=\"alert\"><div class=\"fusion-alert-content-wrapper\"><span class=\"fusion-alert-content\"><\/span><\/div><button type=\"button\" class=\"close toggle-alert\" data-dismiss=\"alert\" aria-label=\"Close\">&times;<\/button><\/div>\n<p><label for=\"your-name\">Your name (required)<\/label>\n<\/p>\n<p><span class=\"wpcf7-form-control-wrap\" data-name=\"your-name\"><input size=\"40\" maxlength=\"400\" class=\"wpcf7-form-control wpcf7-text wpcf7-validates-as-required\" id=\"your-name\" aria-required=\"true\" aria-invalid=\"false\" value=\"\" type=\"text\" name=\"your-name\" \/><\/span>\n<\/p>\n<p><label for=\"your-email\">Your email (required)<\/label>\n<\/p>\n<p><span class=\"wpcf7-form-control-wrap\" data-name=\"your-email\"><input size=\"40\" maxlength=\"400\" class=\"wpcf7-form-control wpcf7-text\" id=\"your-email\" aria-invalid=\"false\" value=\"\" type=\"text\" name=\"your-email\" \/><\/span>\n<\/p>\n<p><label for=\"your-subject\">Subject <\/label>\n<\/p>\n<p><span class=\"wpcf7-form-control-wrap\" data-name=\"your-subject\"><input size=\"40\" maxlength=\"400\" class=\"wpcf7-form-control wpcf7-text\" id=\"your-subject\" aria-invalid=\"false\" value=\"\" type=\"text\" name=\"your-subject\" \/><\/span>\n<\/p>\n<p><label for=\"your-message\">Your message<\/label>\n<\/p>\n<p><span class=\"wpcf7-form-control-wrap\" data-name=\"your-message\"><textarea cols=\"40\" rows=\"10\" maxlength=\"2000\" class=\"wpcf7-form-control wpcf7-textarea\" id=\"your-message\" aria-invalid=\"false\" name=\"your-message\"><\/textarea><\/span>\n<\/p>\n\n<!-- PRIVACY POLICY-->\n<p><label for=\"your-pr\">Required fields<\/label><br \/>\n[acceptance acceptance-658 [id:your-pr] I have read and accept the <a href=\"\/privacy-policy\/\">privacy policy<\/a>\n<\/p>\n<p style=\"font-size: 13px;line-height: 19px;\">By clicking SEND, you provide us with your information. We inform you that the Controller is: clinicalaseo.com. The Purpose is to respond to your inquiry and send you the information you request. Legitimacy is based on your consent. Recipients: Your data is stored in a database on our website until your inquiry is resolved. You may exercise your rights of access, rectification, restriction, or deletion of your data at info@clinicalaseo.com. For more information, see our <a href=\"\/privacy-policy\/\">privacy policy<\/a>.\n<\/p>\n<p><input class=\"wpcf7-form-control wpcf7-submit has-spinner\" type=\"submit\" value=\"Send\" \/>\n<\/p>\n<\/form>\n<\/div>\n<\/div><\/div><\/div><\/div>\n","protected":false},"excerpt":{"rendered":"","protected":false},"author":1,"featured_media":0,"parent":0,"menu_order":0,"comment_status":"closed","ping_status":"closed","template":"100-width.php","meta":{"footnotes":""},"class_list":["post-20510","page","type-page","status-publish","hentry"],"yoast_head":"<!-- This site is optimized with the Yoast SEO plugin v27.4 - https:\/\/yoast.com\/product\/yoast-seo-wordpress\/ -->\n<title>Make an appointment at Cl\u00ednica La Seo | Schedule your medical consultation in X\u00e0tiva<\/title>\n<meta name=\"description\" content=\"Make your appointment at Cl\u00ednica La Seo in X\u00e0tiva. Schedule your medical appointment quickly and easily to receive care in a variety of health specialties.\" \/>\n<meta name=\"robots\" content=\"index, follow, max-snippet:-1, max-image-preview:large, max-video-preview:-1\" \/>\n<link rel=\"canonical\" href=\"https:\/\/clinicalaseo.com\/en\/book-an-appointment\/\" \/>\n<meta property=\"og:locale\" content=\"en_US\" \/>\n<meta property=\"og:type\" content=\"article\" \/>\n<meta property=\"og:title\" content=\"Make an appointment at Cl\u00ednica La Seo | Schedule your medical consultation in X\u00e0tiva\" \/>\n<meta property=\"og:description\" content=\"Make your appointment at Cl\u00ednica La Seo in X\u00e0tiva. Schedule your medical appointment quickly and easily to receive care in a variety of health specialties.\" \/>\n<meta property=\"og:url\" content=\"https:\/\/clinicalaseo.com\/en\/book-an-appointment\/\" \/>\n<meta property=\"og:site_name\" content=\"CLINICA NUESTRA SE\u00d1ORA DE LA SEO S.L\" \/>\n<meta property=\"article:modified_time\" content=\"2025-07-03T09:30:47+00:00\" \/>\n<meta name=\"twitter:card\" content=\"summary_large_image\" \/>\n<meta name=\"twitter:label1\" content=\"Est. reading time\" \/>\n\t<meta name=\"twitter:data1\" content=\"10 minutes\" \/>\n<!-- \/ Yoast SEO plugin. -->","yoast_head_json":{"title":"Make an appointment at Cl\u00ednica La Seo | Schedule your medical consultation in X\u00e0tiva","description":"Make your appointment at Cl\u00ednica La Seo in X\u00e0tiva. Schedule your medical appointment quickly and easily to receive care in a variety of health specialties.","robots":{"index":"index","follow":"follow","max-snippet":"max-snippet:-1","max-image-preview":"max-image-preview:large","max-video-preview":"max-video-preview:-1"},"canonical":"https:\/\/clinicalaseo.com\/en\/book-an-appointment\/","og_locale":"en_US","og_type":"article","og_title":"Make an appointment at Cl\u00ednica La Seo | Schedule your medical consultation in X\u00e0tiva","og_description":"Make your appointment at Cl\u00ednica La Seo in X\u00e0tiva. Schedule your medical appointment quickly and easily to receive care in a variety of health specialties.","og_url":"https:\/\/clinicalaseo.com\/en\/book-an-appointment\/","og_site_name":"CLINICA NUESTRA SE\u00d1ORA DE LA SEO S.L","article_modified_time":"2025-07-03T09:30:47+00:00","twitter_card":"summary_large_image","twitter_misc":{"Est. reading time":"10 minutes"},"schema":{"@context":"https:\/\/schema.org","@graph":[{"@type":"WebPage","@id":"https:\/\/clinicalaseo.com\/en\/book-an-appointment\/","url":"https:\/\/clinicalaseo.com\/en\/book-an-appointment\/","name":"Make an appointment at Cl\u00ednica La Seo | Schedule your medical consultation in X\u00e0tiva","isPartOf":{"@id":"https:\/\/clinicalaseo.com\/#website"},"datePublished":"2025-03-01T15:54:30+00:00","dateModified":"2025-07-03T09:30:47+00:00","description":"Make your appointment at Cl\u00ednica La Seo in X\u00e0tiva. Schedule your medical appointment quickly and easily to receive care in a variety of health specialties.","breadcrumb":{"@id":"https:\/\/clinicalaseo.com\/en\/book-an-appointment\/#breadcrumb"},"inLanguage":"en-US","potentialAction":[{"@type":"ReadAction","target":["https:\/\/clinicalaseo.com\/en\/book-an-appointment\/"]}]},{"@type":"BreadcrumbList","@id":"https:\/\/clinicalaseo.com\/en\/book-an-appointment\/#breadcrumb","itemListElement":[{"@type":"ListItem","position":1,"name":"Portada","item":"https:\/\/clinicalaseo.com\/en\/"},{"@type":"ListItem","position":2,"name":"Book an appointment"}]},{"@type":"WebSite","@id":"https:\/\/clinicalaseo.com\/#website","url":"https:\/\/clinicalaseo.com\/","name":"CLINICA NUESTRA SE\u00d1ORA DE LA SEO S.L","description":"Centro m\u00e9dico asistencial en X\u00e0tiva","potentialAction":[{"@type":"SearchAction","target":{"@type":"EntryPoint","urlTemplate":"https:\/\/clinicalaseo.com\/?s={search_term_string}"},"query-input":{"@type":"PropertyValueSpecification","valueRequired":true,"valueName":"search_term_string"}}],"inLanguage":"en-US"},{"@type":"ImageObject","inLanguage":"en-US","@id":"https:\/\/clinicalaseo.com\/en\/book-an-appointment\/#local-main-organization-logo","url":"","contentUrl":"","caption":"CLINICA NUESTRA SE\u00d1ORA DE LA SEO S.L"}]}},"_links":{"self":[{"href":"https:\/\/clinicalaseo.com\/en\/wp-json\/wp\/v2\/pages\/20510","targetHints":{"allow":["GET"]}}],"collection":[{"href":"https:\/\/clinicalaseo.com\/en\/wp-json\/wp\/v2\/pages"}],"about":[{"href":"https:\/\/clinicalaseo.com\/en\/wp-json\/wp\/v2\/types\/page"}],"author":[{"embeddable":true,"href":"https:\/\/clinicalaseo.com\/en\/wp-json\/wp\/v2\/users\/1"}],"replies":[{"embeddable":true,"href":"https:\/\/clinicalaseo.com\/en\/wp-json\/wp\/v2\/comments?post=20510"}],"version-history":[{"count":1,"href":"https:\/\/clinicalaseo.com\/en\/wp-json\/wp\/v2\/pages\/20510\/revisions"}],"predecessor-version":[{"id":20823,"href":"https:\/\/clinicalaseo.com\/en\/wp-json\/wp\/v2\/pages\/20510\/revisions\/20823"}],"wp:attachment":[{"href":"https:\/\/clinicalaseo.com\/en\/wp-json\/wp\/v2\/media?parent=20510"}],"curies":[{"name":"wp","href":"https:\/\/api.w.org\/{rel}","templated":true}]}}