{"id":20506,"date":"2025-03-12T07:32:41","date_gmt":"2025-03-12T06:32:41","guid":{"rendered":"https:\/\/clinicalaseo.com\/ley-de-cookies\/"},"modified":"2025-07-03T11:31:16","modified_gmt":"2025-07-03T09:31:16","slug":"cookie-law","status":"publish","type":"page","link":"https:\/\/clinicalaseo.com\/en\/cookie-law\/","title":{"rendered":"Cookie law"},"content":{"rendered":"<div class=\"entry-content\">\n<h2>POLICY OF <em>COOKIES<\/em><\/h2>\n<p>Due to the entry into force of the amendment to the \u201cInformation Society Services Law\u201d (LSSICE) established by Royal Decree 13\/2012, it is mandatory to obtain the express consent of the user of all web pages that use <em>cookies <\/em>dispensable, before it navigates through them.<\/p>\n<h2><span id=\"%C2%BFQUE_SON_LAS_COOKIES\" class=\"ez-toc-section\"><\/span>WHAT ARE THE <em>COOKIES<\/em>?<\/h2>\n<p>The <em>cookies <\/em>and other similar technologies such as local shared objects, flash <em>cookies <\/em>or pixels, are tools used by Web servers to store and retrieve information about their visitors, as well as to ensure the proper functioning of the site.<\/p>\n<p>By using these devices, the Web server is able to remember certain data about the user, such as their preferences for viewing pages on that server, their username and password, the products they are most interested in, etc.<\/p>\n<h2><span id=\"COOKIES_AFECTADAS_POR_LA_NORMATIVA_Y_COOKIES_EXCEPTUADAS\" class=\"ez-toc-section\"><\/span><em>COOKIES <\/em>AFFECTED BY REGULATIONS AND <em>COOKIES <\/em>EXCEPTED<\/h2>\n<p>According to the EU directive, <em>cookies <\/em>that require informed consent from the user are: <em>cookies <\/em>analytics, advertising and affiliation, with the exception of technical cookies and those necessary for the operation of the website or the provision of services expressly requested by the user.<\/p>\n<h2><span id=\"%C2%BFQUE_TIPOS_DE_COOKIES_EXISTEN\" class=\"ez-toc-section\"><\/span>WHAT TYPES OF <em>COOKIES <\/em>DO THEY EXIST?<\/h2>\n<h3><span id=\"SEGUN_LA_FINALIDAD\" class=\"ez-toc-section\"><\/span><strong>ACCORDING TO THE PURPOSE<\/strong><\/h3>\n<ul>\n<li><strong><em>Cookies <\/em>technical and functional<\/strong>: These are those that allow the user to navigate through a website, platform or application and use the different options or services that exist therein.<\/li>\n<li><strong><em>Cookies <\/em>analytics<\/strong>: These are those that allow the person responsible for them to monitor and analyze the behavior of the users of the websites to which they are linked. The information collected through this type of <em>cookies <\/em>It is used to measure the activity of websites, applications, or platforms and to create navigation profiles of users of said sites, applications, and platforms, in order to introduce improvements based on the analysis of the usage data made by users of the service. <\/li>\n<li><strong><em>Cookies <\/em>advertising<\/strong>: These are those that allow the management, in the most efficient way possible, of the advertising spaces that, where appropriate, the editor has included on a website, application or platform from which the requested service is provided based on criteria such as the edited content or the frequency with which the ads are displayed.<\/li>\n<li><strong><em>Cookies <\/em>behavioral advertising<\/strong>: They collect information about the user&#8217;s personal preferences and choices (retargeting) to enable the most efficient management possible of the advertising spaces that the publisher may have included on a website, application, or platform from which the requested service is provided.<\/li>\n<li><strong><em>Cookies <\/em>social<\/strong>: These cookies are set by social media platforms on the Services to allow you to share content with your friends and networks. Social media platforms have the ability to track your online activity outside of the Services. This may affect the content and messages you see on other Services you visit.  <\/li>\n<li><strong><em>Cookies <\/em>of affiliates<\/strong>: They allow tracking of visits from other websites, with which the website establishes an affiliation contract (affiliate companies).<\/li>\n<li><strong><em>Cookies <\/em>security<\/strong>: They store encrypted information to prevent the data stored in them from being vulnerable to malicious attacks by third parties.<\/li>\n<\/ul>\n<h3><span id=\"SEGUN_LA_PROPIEDAD\" class=\"ez-toc-section\"><\/span>ACCORDING TO THE PROPERTY<\/h3>\n<ul>\n<li><strong><em>Cookies <\/em>rown:<\/strong> These are those sent to the user&#8217;s terminal equipment from a computer or domain managed by the publisher itself and from which the service requested by the user is provided.<\/li>\n<li><strong><em>Cookies <\/em>from third parties<\/strong>: These are those that are sent to the user&#8217;s terminal equipment from a computer or domain that is not managed by the editor, but by another entity that processes the data obtained through the <em>cookies<\/em>.<\/li>\n<\/ul>\n<h3><span id=\"SEGUN_EL_PLAZO_DE_CONSERVACION\" class=\"ez-toc-section\"><\/span>ACCORDING TO THE CONSERVATION PERIOD<\/h3>\n<ul>\n<li><strong><em>Cookies <\/em>session<\/strong>: They are a type of <em>cookies <\/em>designed to collect and store data while the user accesses a web page.<\/li>\n<li><strong><em>Cookies <\/em>persistent<\/strong>: They are a type of <em>cookies <\/em>in which the data remains stored on the terminal and can be accessed and processed for a period defined by the data controller.<em>cookie<\/em>, and that can range from a few minutes to several years.<\/li>\n<\/ul>\n<h2><span id=\"COOKIES_UTILIZADAS_EN_ESTE_SITIO_WEB\" class=\"ez-toc-section\"><\/span><em>COOKIES <\/em>USED \u200b\u200bON THIS WEBSITE<\/h2>\n<h3><span id=\"COOKIES_CONTROLADAS_POR_EL_EDITOR\" class=\"ez-toc-section\"><\/span><em>COOKIES <\/em>CONTROLLED BY THE EDITOR<\/h3>\n<h4><span id=\"Tecnicas_y_funcionales\" class=\"ez-toc-section\"><\/span><strong>Technical and functional<\/strong><\/h4>\n<figure class=\"wp-block-table is-style-regular\">\n<table class=\"has-fixed-layout\">\n<thead>\n<tr>\n<th><strong>Property<\/strong><\/th>\n<th><strong><em>Cookie<\/em><\/strong><\/th>\n<th><strong>Purpose<\/strong><\/th>\n<th><strong>Term<\/strong><\/th>\n<\/tr>\n<\/thead>\n<tbody>\n<tr>\n<td>clinicalaseo.com<\/td>\n<td><strong>cmplz_marketing<\/strong><\/td>\n<td><em>Cookie <\/em>necessary for the use of the website&#8217;s options and services<\/td>\n<td>in one year<\/td>\n<\/tr>\n<tr>\n<td>clinicalaseo.com<\/td>\n<td><strong>complianz_consent_status<\/strong><\/td>\n<td><em>Cookie <\/em>necessary for the use of the website&#8217;s options and services<\/td>\n<td>in one year<\/td>\n<\/tr>\n<tr>\n<td>clinicalaseo.com<\/td>\n<td><strong>complianz_policy_id<\/strong><\/td>\n<td><em>Cookie <\/em>necessary for the use of the website&#8217;s options and services<\/td>\n<td>in one year<\/td>\n<\/tr>\n<tr>\n<td>clinicalaseo.com<\/td>\n<td><strong>tocplus_hideto<br \/>\nc<\/strong><\/td>\n<td><em>Cookie <\/em>necessary for the use of the website&#8217;s options and services<\/td>\n<td>in a month<\/td>\n<\/tr>\n<\/tbody>\n<\/table>\n<\/figure>\n<h4><span id=\"Analiticas\" class=\"ez-toc-section\"><\/span><strong>Analytics<\/strong><\/h4>\n<figure class=\"wp-block-table\">\n<table class=\"has-fixed-layout\">\n<thead>\n<tr>\n<th><strong>Property<\/strong><\/th>\n<th><strong><em>Cookie<\/em><\/strong><\/th>\n<th><strong>Purpose<\/strong><\/th>\n<th><strong>Term<\/strong><\/th>\n<\/tr>\n<\/thead>\n<tbody>\n<tr>\n<td>clinicalaseo.com<\/td>\n<td><strong>_ga<\/strong><\/td>\n<td>ID used to identify users<\/td>\n<td>in 2 years<\/td>\n<\/tr>\n<tr>\n<td>clinicalaseo.com<\/td>\n<td><strong>_gat<\/strong><\/td>\n<td>Used to monitor the number of requests to the Google Analytics server when using the Google Tag Manager<\/td>\n<td>session<\/td>\n<\/tr>\n<tr>\n<td>clinicalaseo.com<\/td>\n<td><strong>_gid<\/strong><\/td>\n<td>ID used to identify users for 24 hours after last activity<\/td>\n<td>in 22 hours<\/td>\n<\/tr>\n<\/tbody>\n<\/table>\n<\/figure>\n<h3><span id=\"COOKIES_DE_TERCEROS\" class=\"ez-toc-section\"><\/span><em>COOKIES <\/em>AND THIRD PARTIES<\/h3>\n<p>Third-party services are beyond the publisher&#8217;s control. Suppliers may modify their terms of service, purpose and use at any time. <em>cookies<\/em>, etc. <\/p>\n<h4><span id=\"Proveedores_externos_de_este_sitio_web\" class=\"ez-toc-section\"><\/span><strong>Third-party providers of this website:<\/strong><\/h4>\n<figure class=\"wp-block-table\">\n<table class=\"has-fixed-layout\">\n<thead>\n<tr>\n<th>Editor<\/th>\n<th>Privacy Policy<\/th>\n<\/tr>\n<\/thead>\n<tbody>\n<tr>\n<td>Google Analytics<\/td>\n<td><a href=\"https:\/\/privacy.google.com\/take-control.html\" target=\"_blank\" rel=\"noreferrer noopener nofollow\">https:\/\/privacy.google.com\/take-control.html<\/a><\/td>\n<\/tr>\n<tr>\n<td>Social media<\/td>\n<td><a href=\"https:\/\/www.facebook.com\/policies\/cookies\/\" target=\"_blank\" rel=\"noreferrer noopener nofollow\">Facebook<\/a><\/td>\n<\/tr>\n<\/tbody>\n<\/table>\n<\/figure>\n<h2><span id=\"REVOCACION_DEL_CONSENTIMIENTO_PARA_INSTALAR_COOKIES\" class=\"ez-toc-section\"><\/span>REVOCATION OF CONSENT TO INSTALL <em>COOKIES<\/em><\/h2>\n<p><strong>You can follow the instructions below to revoke the <em><a href=\"https:\/\/www.excavacionesvalencia\/politica-de-cookies\/\" target=\"_blank\" rel=\"noreferrer noopener\">Cookies<\/a><\/em>.<\/strong><\/p>\n<h2><span id=\"COMO_GESTIONAR_LAS_COOKIES_DESDE_EL_NAVEGADOR\" class=\"ez-toc-section\"><\/span>HOW TO MANAGE THE <em>COOKIES <\/em>FROM THE BROWSER<\/h2>\n<ul>\n<li><strong>Delete the <em>cookies <\/em>of the device<\/strong>: The <em>cookies <\/em>that are already on a device can be removed by clearing the browser history, which will delete the <em>cookies <\/em>from all visited websites. However, some saved information (such as login information or website preferences) may also be lost. <\/li>\n<li><strong>Manage the <em>cookies <\/em>site specific<\/strong>: To have more precise control of the <em>cookies <\/em>site-specific, users can adjust their privacy settings and <em>cookies <\/em>in the browser.<\/li>\n<li><strong>Block the <em>cookies<\/em><\/strong>: Although most modern browsers can be configured to prevent them from being installed <em>cookies <\/em>On devices, this may require you to manually adjust certain preferences each time you visit a site or page. Additionally, some services and features may not function properly (e.g., profile logins). <\/li>\n<\/ul>\n<h2><span id=\"COMO_ELIMINAR_LAS_COOKIES_DE_LOS_NAVEGADORES_MAS_COMUNES\" class=\"ez-toc-section\"><\/span>HOW TO REMOVE THE <em>COOKIES <\/em>OF THE MOST COMMON BROWSERS<\/h2>\n<h3><span id=\"Chrome\" class=\"ez-toc-section\"><\/span>Chrome<\/h3>\n<p>1. Select the Tools icon<br \/>\n2. Click Settings.<br \/>\n3. Click Show Advanced Options.<br \/>\n4. In the \u201cPrivacy\u201d section, click Content Settings.<br \/>\n\u2022 Delete cookies: Click All cookies and site data\u2026<br \/>\n\u2022 Do not allow cookies to be stored.<br \/>\n5. Click Clear browsing data (empty cache).<br \/>\n6. Close and restart your browser.<\/p>\n<p>For more information about Chrome, click here: <a href=\"http:\/\/support.google.com\/chrome\/answer\/95647?hl=es\" target=\"_blank\" rel=\"noreferrer noopener nofollow\">http:\/\/support.google.com\/chrome\/answer\/95647?hl=es<\/a><\/p>\n<h3><span id=\"Internet_Explorer_Version_11\" class=\"ez-toc-section\"><\/span>Internet Explorer. Version 11 <\/h3>\n<p>1. Select Tools | Internet Options.<br \/>\n2. Click the General tab.<br \/>\n3. In the &#8220;Browsing History&#8221; section, click Delete browsing history on exit.<br \/>\n4. Select Delete files.<br \/>\n5. Select Delete cookies.<br \/>\n6. Click Delete.<br \/>\n7. Click OK.<br \/>\n8. Close and restart your browser.<\/p>\n<p>For more information about Internet Explorer click here: <a href=\"https:\/\/support.microsoft.com\/es-es\/help\/278835\/how-to-delete-cookie-files-in-internet-explorer\" target=\"_blank\" rel=\"noreferrer noopener nofollow\">https:\/\/support.microsoft.com\/es-es\/help\/278835\/how-to-delete-cookie-files-in-internet-explorer<\/a><\/p>\n<h3 id=\"cookies-mozilla-firefox-habilitar-deshabilitar\"><span id=\"Mozilla_Firefox_Version_18\" class=\"ez-toc-section\"><\/span>Mozilla Firefox. Version 18 <\/h3>\n<p>1. Select Firefox | History | Clear Recent History.<br \/>\n2. Next to &#8220;Details,&#8221; click the down arrow.<br \/>\n3. Select the following check boxes: Cookies, Cache, Active Logins.<br \/>\n4. Using the &#8220;Time Range to Clear&#8221; drop-down menu, select All.<br \/>\n5. Click Clear Now.<br \/>\n6. Close and restart the browser.<\/p>\n<p>You can accept or reject the <em>cookies<\/em> individually in Firefox Preferences, in the History section available under Tools &gt; Options &gt; Privacy.<\/p>\n<p>For more information about Mozilla Firefox click here: <a href=\"https:\/\/www.mozilla.org\/es-ES\/privacy\/websites\/#cookies\" target=\"_blank\" rel=\"noreferrer noopener nofollow\">https:\/\/www.mozilla.org\/es-ES\/privacy\/websites\/#cookies<\/a><\/p>\n<h3 id=\"cookies-apple-safari\"><span id=\"Safari_Version_51\" class=\"ez-toc-section\"><\/span>Safari Version 5.1<\/h3>\n<p>1. Select the Safari icon \/ Edit | Reset Safari.<br \/>\n2. Select the following check boxes: Clear history, Delete all website data<br \/>\n3. Click Reset.<br \/>\n4. Close and restart your browser.<\/p>\n<p>For more information about Safari click here: <a href=\"https:\/\/www.apple.com\/legal\/privacy\/en-ww\/cookies\/\" target=\"_blank\" rel=\"noreferrer noopener nofollow\">https:\/\/www.apple.com\/legal\/privacy\/en-ww\/cookies\/<\/a><\/p>\n<h3><span id=\"Opera\" class=\"ez-toc-section\"><\/span>Opera<\/h3>\n<p>Options \u2013 Advanced \u2013 Cookies.<br \/>\nThe options of <em>cookies<\/em> They control how Opera handles them and therefore their acceptance or rejection.<\/p>\n<p>For more information about Opera click here:<a href=\"https:\/\/help.opera.com\/en\/latest\/security-and-privacy\/#clearBrowsingData\" target=\"_blank\" rel=\"noreferrer noopener nofollow\"> https:\/\/help.opera.com\/en\/latest\/security-and-privacy\/#clearBrowsingData<\/a><\/p>\n<h3><span id=\"Otros_navegadores\" class=\"ez-toc-section\"><\/span>Other browsers<\/h3>\n<p>Please refer to the documentation for your installed browser.<\/p>\n<p><a href=\"http:\/\/support.google.com\/chrome\/bin\/answer.py?hl=es-419&amp;answer=95647\" target=\"_blank\" rel=\"noopener noreferrer\"><u>Google Chrome<\/u><\/a> \u2013 <a href=\"https:\/\/support.microsoft.com\/es-es\/help\/17442\/windows-internet-explorer-delete-manage-cookies\" target=\"_blank\" rel=\"noreferrer noopener nofollow\"><u>Internet Explorer<\/u><\/a> \u2013 <a href=\"https:\/\/www.excavacionesvalencia\/politica-de-cookies\/#cookies-mozilla-firefox-habilitar-deshabilitar\" target=\"_blank\" rel=\"noreferrer noopener\"><u>Mozilla Firefox<\/u><\/a> \u2013 <a href=\"https:\/\/www.apple.com\/legal\/privacy\/en-ww\/cookies\/\" target=\"_blank\" rel=\"noreferrer noopener nofollow\"><u>Apple Safari<\/u><\/a><\/p>\n<hr class=\"wp-block-separator\">\n<\/div>\n","protected":false},"excerpt":{"rendered":"<p>POLICY OF COOKIES Due to the entry into force of&hellip; <a class=\"continue\" href=\"https:\/\/clinicalaseo.com\/en\/cookie-law\/\">Continuar<span> Cookie law<\/span><\/a><\/p>\n","protected":false},"author":1,"featured_media":0,"parent":0,"menu_order":0,"comment_status":"closed","ping_status":"closed","template":"","meta":{"footnotes":""},"class_list":["post-20506","page","type-page","status-publish","hentry"],"yoast_head":"<!-- This site is optimized with the Yoast SEO plugin v27.4 - https:\/\/yoast.com\/product\/yoast-seo-wordpress\/ -->\n<title>Cookie Law | La Seo Clinic | Privacy and Cookie Policy<\/title>\n<meta name=\"description\" content=\"Please review Cl\u00ednica La Seo&#039;s Cookie Policy. We explain how we use cookies on our website and how you can manage your privacy preferences.\" \/>\n<meta name=\"robots\" content=\"index, follow, max-snippet:-1, max-image-preview:large, max-video-preview:-1\" \/>\n<link rel=\"canonical\" href=\"https:\/\/clinicalaseo.com\/en\/cookie-law\/\" \/>\n<meta property=\"og:locale\" content=\"en_US\" \/>\n<meta property=\"og:type\" content=\"article\" \/>\n<meta property=\"og:title\" content=\"Cookie Law | La Seo Clinic | Privacy and Cookie Policy\" \/>\n<meta property=\"og:description\" content=\"Please review Cl\u00ednica La Seo&#039;s Cookie Policy. We explain how we use cookies on our website and how you can manage your privacy preferences.\" \/>\n<meta property=\"og:url\" content=\"https:\/\/clinicalaseo.com\/en\/cookie-law\/\" \/>\n<meta property=\"og:site_name\" content=\"CLINICA NUESTRA SE\u00d1ORA DE LA SEO S.L\" \/>\n<meta property=\"article:modified_time\" content=\"2025-07-03T09:31:16+00:00\" \/>\n<meta name=\"twitter:card\" content=\"summary_large_image\" \/>\n<meta name=\"twitter:label1\" content=\"Est. reading time\" \/>\n\t<meta name=\"twitter:data1\" content=\"6 minutes\" \/>\n<!-- \/ Yoast SEO plugin. -->","yoast_head_json":{"title":"Cookie Law | La Seo Clinic | Privacy and Cookie Policy","description":"Please review Cl\u00ednica La Seo's Cookie Policy. We explain how we use cookies on our website and how you can manage your privacy preferences.","robots":{"index":"index","follow":"follow","max-snippet":"max-snippet:-1","max-image-preview":"max-image-preview:large","max-video-preview":"max-video-preview:-1"},"canonical":"https:\/\/clinicalaseo.com\/en\/cookie-law\/","og_locale":"en_US","og_type":"article","og_title":"Cookie Law | La Seo Clinic | Privacy and Cookie Policy","og_description":"Please review Cl\u00ednica La Seo's Cookie Policy. We explain how we use cookies on our website and how you can manage your privacy preferences.","og_url":"https:\/\/clinicalaseo.com\/en\/cookie-law\/","og_site_name":"CLINICA NUESTRA SE\u00d1ORA DE LA SEO S.L","article_modified_time":"2025-07-03T09:31:16+00:00","twitter_card":"summary_large_image","twitter_misc":{"Est. reading time":"6 minutes"},"schema":{"@context":"https:\/\/schema.org","@graph":[{"@type":"WebPage","@id":"https:\/\/clinicalaseo.com\/en\/cookie-law\/","url":"https:\/\/clinicalaseo.com\/en\/cookie-law\/","name":"Cookie Law | La Seo Clinic | Privacy and Cookie Policy","isPartOf":{"@id":"https:\/\/clinicalaseo.com\/#website"},"datePublished":"2025-03-12T06:32:41+00:00","dateModified":"2025-07-03T09:31:16+00:00","description":"Please review Cl\u00ednica La Seo's Cookie Policy. We explain how we use cookies on our website and how you can manage your privacy preferences.","breadcrumb":{"@id":"https:\/\/clinicalaseo.com\/en\/cookie-law\/#breadcrumb"},"inLanguage":"en-US","potentialAction":[{"@type":"ReadAction","target":["https:\/\/clinicalaseo.com\/en\/cookie-law\/"]}]},{"@type":"BreadcrumbList","@id":"https:\/\/clinicalaseo.com\/en\/cookie-law\/#breadcrumb","itemListElement":[{"@type":"ListItem","position":1,"name":"Portada","item":"https:\/\/clinicalaseo.com\/en\/"},{"@type":"ListItem","position":2,"name":"Cookie law"}]},{"@type":"WebSite","@id":"https:\/\/clinicalaseo.com\/#website","url":"https:\/\/clinicalaseo.com\/","name":"CLINICA NUESTRA SE\u00d1ORA DE LA SEO S.L","description":"Centro m\u00e9dico asistencial en X\u00e0tiva","potentialAction":[{"@type":"SearchAction","target":{"@type":"EntryPoint","urlTemplate":"https:\/\/clinicalaseo.com\/?s={search_term_string}"},"query-input":{"@type":"PropertyValueSpecification","valueRequired":true,"valueName":"search_term_string"}}],"inLanguage":"en-US"},{"@type":"ImageObject","inLanguage":"en-US","@id":"https:\/\/clinicalaseo.com\/en\/cookie-law\/#local-main-organization-logo","url":"","contentUrl":"","caption":"CLINICA NUESTRA SE\u00d1ORA DE LA SEO S.L"}]}},"_links":{"self":[{"href":"https:\/\/clinicalaseo.com\/en\/wp-json\/wp\/v2\/pages\/20506","targetHints":{"allow":["GET"]}}],"collection":[{"href":"https:\/\/clinicalaseo.com\/en\/wp-json\/wp\/v2\/pages"}],"about":[{"href":"https:\/\/clinicalaseo.com\/en\/wp-json\/wp\/v2\/types\/page"}],"author":[{"embeddable":true,"href":"https:\/\/clinicalaseo.com\/en\/wp-json\/wp\/v2\/users\/1"}],"replies":[{"embeddable":true,"href":"https:\/\/clinicalaseo.com\/en\/wp-json\/wp\/v2\/comments?post=20506"}],"version-history":[{"count":1,"href":"https:\/\/clinicalaseo.com\/en\/wp-json\/wp\/v2\/pages\/20506\/revisions"}],"predecessor-version":[{"id":20729,"href":"https:\/\/clinicalaseo.com\/en\/wp-json\/wp\/v2\/pages\/20506\/revisions\/20729"}],"wp:attachment":[{"href":"https:\/\/clinicalaseo.com\/en\/wp-json\/wp\/v2\/media?parent=20506"}],"curies":[{"name":"wp","href":"https:\/\/api.w.org\/{rel}","templated":true}]}}