{"id":20500,"date":"2025-03-20T09:28:40","date_gmt":"2025-03-20T08:28:40","guid":{"rendered":"https:\/\/clinicalaseo.com\/accesibilidad\/"},"modified":"2025-07-03T11:29:42","modified_gmt":"2025-07-03T09:29:42","slug":"accessibility","status":"publish","type":"page","link":"https:\/\/clinicalaseo.com\/en\/accessibility\/","title":{"rendered":"Accessibility"},"content":{"rendered":"<h2>Accessibility Statement<\/h2>\n<p>clinicalaseo.com is committed to making its website accessible by meeting Level AA according to the UNE 301549:2020 Standard (WCAG 2.1), which in turn is based on the W3C Web Content Accessibility Guidelines 2.0.<\/p>\n<p>This accessibility statement applies to the website https:\/\/clinicalaseo.com<\/p>\n<p>For these reasons, a series of measures have been adopted on the website to ensure the accessibility of the content, in order to:<\/p>\n<p>Facilitate user access regardless of their abilities or environment.<br \/>\nAllow access with different user agents.<br \/>\nInclude clear and well-structured content.<br \/>\nImprove navigation and user experience.<\/p>\n<h3>Measures taken<\/h3>\n<p>The following measures have been adopted:<\/p>\n<p>Separation of content and presentation: Use of style sheets (CSS) for presenting information and HTML code for its correct structuring. The layout adapts correctly to the most common user agents, and font sizes have been defined in relative dimensions to allow for resizing.<br \/>\nAlternatives to non-text elements: For any non-text elements, the necessary alternatives have been included so that no user encounters barriers to accessing the content.<br \/>\nAppropriate navigation mechanisms: Links provide details of the hyperlink&#8217;s function or destination. Interaction mechanisms are provided to make it easier for users to locate information and navigate the site.<br \/>\nCorrect use of standards: The website documents have been built based on the specifications of the W3C, the organization that sets the international standards to be used on the web. The documents are valid and offer the appropriate markup for each content type.<br \/>\nProgrammed objects: No programmed objects are used to present information or provide important functionality. This allows browsing the site regardless of the technologies available in the user agent.<br \/>\n&#8220;PDF Accessibility: Certain PDFs published on our website do not have an accessible structure due to technical impossibilities. In this case, and if necessary, you can write to our contact section and request the document.&#8221;<br \/>\nContact<br \/>\nAny complaints, questions, or suggestions for improvements regarding website accessibility can be channeled through any of the means available in the website&#8217;s contact section.<\/p>\n<p>&nbsp;<\/p>\n<h3>Compliance status<\/h3>\n<p>This website is <strong>partially non-compliant<\/strong> with Royal Decree 1112\/2018 of September 7, due to the lack of compliance with the following aspects.<\/p>\n<h3>Content not accessible<\/h3>\n<p>The content below is not accessible for the following reasons:<\/p>\n<p>Due to the use of a content management system that cannot guarantee that the various users editing the content comply with all accessibility standards, it cannot be guaranteed that all content complies with WCAG 2.1. In any case, we are committed to resolving any potential issues that are reported to us.<\/p>\n<p>Disproportionate burden: Not applicable.<\/p>\n<p>The content does not fall within the scope of applicable legislation<\/p>\n<p>Office files in PDF or other formats, as well as applications published before September 20, 2018, that do not fully meet all accessibility requirements.<\/p>\n<p>Live multimedia content.<\/p>\n<p>Pre-recorded multimedia content on a temporary basis or published before the entry into force of the Royal Decree.<\/p>\n<p>Online map and cartography services<\/p>\n<p>Third-party content not funded or developed by clinicalaseo.com<\/p>\n<h3>Preparation of this accessibility statement<\/h3>\n<p>This statement was prepared on March 12, 2025<\/p>\n<p>The method used to prepare the declaration was a self-assessment of the website by clinicalaseo.com and technicians from the web development department through manual accessibility analyses, complemented by various semi-automated tools, user agents, and technical aids.<\/p>\n<h3>Comments and contact information<\/h3>\n<p>You can make communications about accessibility requirements (article 10.2.a) of Royal Decree 1112\/2018, of September 7) such as, for example<\/p>\n<p>Report any potential non-compliance by this website.<\/p>\n<p>Transmitir otras dificultades de acceso al contenido.<\/p>\n<p>Make any other queries or suggestions for improvements related to the accessibility of the website.<\/p>\n<p>Through the following channels:<\/p>\n<p>Through the suggestion form provided by clinicalaseo.com.<\/p>\n<p>Email: info@clinicalaseo.com<\/p>\n<p>In person at the clinicalaseo.com offices.<\/p>\n<p>Communications will be received and processed by the Accessibility Unit of the clinicalaseo.com website, as the unit responsible for the accessibility of the contents of this website.<\/p>\n<h3>Requests for accessible information and complaints<\/h3>\n<p>Requests for accessible information and complaints must be submitted through:<\/p>\n<p>Through the suggestion form provided by clinicalaseo.com.<\/p>\n<p>Email: info@clinicalaseo.com<\/p>\n<p>&nbsp;<\/p>\n","protected":false},"excerpt":{"rendered":"<p>Accessibility Statement clinicalaseo.com is committed to making its website accessible&hellip; <a class=\"continue\" href=\"https:\/\/clinicalaseo.com\/en\/accessibility\/\">Continuar<span> Accessibility<\/span><\/a><\/p>\n","protected":false},"author":1,"featured_media":0,"parent":0,"menu_order":0,"comment_status":"closed","ping_status":"closed","template":"100-width.php","meta":{"footnotes":""},"class_list":["post-20500","page","type-page","status-publish","hentry"],"yoast_head":"<!-- This site is optimized with the Yoast SEO plugin v27.4 - https:\/\/yoast.com\/product\/yoast-seo-wordpress\/ -->\n<title>Accessibility at Cl\u00ednica La Seo | Accessible Medical Services<\/title>\n<meta name=\"description\" content=\"La Seo Clinic in X\u00e0tiva guarantees an accessible experience for all patients, with adapted facilities and inclusive technology.\" \/>\n<meta name=\"robots\" content=\"index, follow, max-snippet:-1, max-image-preview:large, max-video-preview:-1\" \/>\n<link rel=\"canonical\" href=\"https:\/\/clinicalaseo.com\/en\/accessibility\/\" \/>\n<meta property=\"og:locale\" content=\"en_US\" \/>\n<meta property=\"og:type\" content=\"article\" \/>\n<meta property=\"og:title\" content=\"Accessibility at Cl\u00ednica La Seo | Accessible Medical Services\" \/>\n<meta property=\"og:description\" content=\"La Seo Clinic in X\u00e0tiva guarantees an accessible experience for all patients, with adapted facilities and inclusive technology.\" \/>\n<meta property=\"og:url\" content=\"https:\/\/clinicalaseo.com\/en\/accessibility\/\" \/>\n<meta property=\"og:site_name\" content=\"CLINICA NUESTRA SE\u00d1ORA DE LA SEO S.L\" \/>\n<meta property=\"article:modified_time\" content=\"2025-07-03T09:29:42+00:00\" \/>\n<meta name=\"twitter:card\" content=\"summary_large_image\" \/>\n<meta name=\"twitter:label1\" content=\"Est. reading time\" \/>\n\t<meta name=\"twitter:data1\" content=\"3 minutes\" \/>\n<!-- \/ Yoast SEO plugin. -->","yoast_head_json":{"title":"Accessibility at Cl\u00ednica La Seo | Accessible Medical Services","description":"La Seo Clinic in X\u00e0tiva guarantees an accessible experience for all patients, with adapted facilities and inclusive technology.","robots":{"index":"index","follow":"follow","max-snippet":"max-snippet:-1","max-image-preview":"max-image-preview:large","max-video-preview":"max-video-preview:-1"},"canonical":"https:\/\/clinicalaseo.com\/en\/accessibility\/","og_locale":"en_US","og_type":"article","og_title":"Accessibility at Cl\u00ednica La Seo | Accessible Medical Services","og_description":"La Seo Clinic in X\u00e0tiva guarantees an accessible experience for all patients, with adapted facilities and inclusive technology.","og_url":"https:\/\/clinicalaseo.com\/en\/accessibility\/","og_site_name":"CLINICA NUESTRA SE\u00d1ORA DE LA SEO S.L","article_modified_time":"2025-07-03T09:29:42+00:00","twitter_card":"summary_large_image","twitter_misc":{"Est. reading time":"3 minutes"},"schema":{"@context":"https:\/\/schema.org","@graph":[{"@type":"WebPage","@id":"https:\/\/clinicalaseo.com\/en\/accessibility\/","url":"https:\/\/clinicalaseo.com\/en\/accessibility\/","name":"Accessibility at Cl\u00ednica La Seo | Accessible Medical Services","isPartOf":{"@id":"https:\/\/clinicalaseo.com\/#website"},"datePublished":"2025-03-20T08:28:40+00:00","dateModified":"2025-07-03T09:29:42+00:00","description":"La Seo Clinic in X\u00e0tiva guarantees an accessible experience for all patients, with adapted facilities and inclusive technology.","breadcrumb":{"@id":"https:\/\/clinicalaseo.com\/en\/accessibility\/#breadcrumb"},"inLanguage":"en-US","potentialAction":[{"@type":"ReadAction","target":["https:\/\/clinicalaseo.com\/en\/accessibility\/"]}]},{"@type":"BreadcrumbList","@id":"https:\/\/clinicalaseo.com\/en\/accessibility\/#breadcrumb","itemListElement":[{"@type":"ListItem","position":1,"name":"Portada","item":"https:\/\/clinicalaseo.com\/en\/"},{"@type":"ListItem","position":2,"name":"Accessibility"}]},{"@type":"WebSite","@id":"https:\/\/clinicalaseo.com\/#website","url":"https:\/\/clinicalaseo.com\/","name":"CLINICA NUESTRA SE\u00d1ORA DE LA SEO S.L","description":"Centro m\u00e9dico asistencial en X\u00e0tiva","potentialAction":[{"@type":"SearchAction","target":{"@type":"EntryPoint","urlTemplate":"https:\/\/clinicalaseo.com\/?s={search_term_string}"},"query-input":{"@type":"PropertyValueSpecification","valueRequired":true,"valueName":"search_term_string"}}],"inLanguage":"en-US"},{"@type":"ImageObject","inLanguage":"en-US","@id":"https:\/\/clinicalaseo.com\/en\/accessibility\/#local-main-organization-logo","url":"","contentUrl":"","caption":"CLINICA NUESTRA SE\u00d1ORA DE LA SEO S.L"}]}},"_links":{"self":[{"href":"https:\/\/clinicalaseo.com\/en\/wp-json\/wp\/v2\/pages\/20500","targetHints":{"allow":["GET"]}}],"collection":[{"href":"https:\/\/clinicalaseo.com\/en\/wp-json\/wp\/v2\/pages"}],"about":[{"href":"https:\/\/clinicalaseo.com\/en\/wp-json\/wp\/v2\/types\/page"}],"author":[{"embeddable":true,"href":"https:\/\/clinicalaseo.com\/en\/wp-json\/wp\/v2\/users\/1"}],"replies":[{"embeddable":true,"href":"https:\/\/clinicalaseo.com\/en\/wp-json\/wp\/v2\/comments?post=20500"}],"version-history":[{"count":1,"href":"https:\/\/clinicalaseo.com\/en\/wp-json\/wp\/v2\/pages\/20500\/revisions"}],"predecessor-version":[{"id":20669,"href":"https:\/\/clinicalaseo.com\/en\/wp-json\/wp\/v2\/pages\/20500\/revisions\/20669"}],"wp:attachment":[{"href":"https:\/\/clinicalaseo.com\/en\/wp-json\/wp\/v2\/media?parent=20500"}],"curies":[{"name":"wp","href":"https:\/\/api.w.org\/{rel}","templated":true}]}}