{"id":20496,"date":"2025-03-29T12:22:41","date_gmt":"2025-03-29T11:22:41","guid":{"rendered":"https:\/\/clinicalaseo.com\/mutuas-y-accidentes-laborales\/"},"modified":"2025-07-03T11:32:47","modified_gmt":"2025-07-03T09:32:47","slug":"mutuals-and-work-accidents","status":"publish","type":"page","link":"https:\/\/clinicalaseo.com\/en\/mutuals-and-work-accidents\/","title":{"rendered":"Mutuals and work accidents"},"content":{"rendered":"<p><div class=\"fusion-fullwidth fullwidth-box fusion-builder-row-1 fusion-flex-container has-pattern-background has-mask-background nonhundred-percent-fullwidth non-hundred-percent-height-scrolling\" style=\"--awb-border-radius-top-left:0px;--awb-border-radius-top-right:0px;--awb-border-radius-bottom-right:0px;--awb-border-radius-bottom-left:0px;--awb-padding-top:20px;--awb-padding-bottom:2%;--awb-padding-top-medium:70px;--awb-padding-bottom-medium:70px;--awb-margin-bottom:0px;--awb-background-color:var(--awb-color1);--awb-flex-wrap:wrap;\" ><div class=\"fusion-builder-row fusion-row fusion-flex-align-items-flex-start fusion-flex-content-wrap\" style=\"max-width:calc( 1350px + 60px );margin-left: calc(-60px \/ 2 );margin-right: calc(-60px \/ 2 );\"><div class=\"fusion-layout-column fusion_builder_column fusion-builder-column-0 fusion_builder_column_1_1 1_1 fusion-flex-column fusion-animated\" style=\"--awb-bg-size:cover;--awb-width-large:100%;--awb-margin-top-large:0px;--awb-spacing-right-large:30px;--awb-margin-bottom-large:70px;--awb-spacing-left-large:30px;--awb-width-medium:100%;--awb-order-medium:0;--awb-spacing-right-medium:30px;--awb-spacing-left-medium:30px;--awb-width-small:100%;--awb-order-small:0;--awb-spacing-right-small:30px;--awb-spacing-left-small:30px;\" data-animationType=\"fadeIn\" data-animationDuration=\"0.8\" data-animationOffset=\"top-into-view\"><div class=\"fusion-column-wrapper fusion-column-has-shadow fusion-flex-justify-content-flex-start fusion-content-layout-column\"><div class=\"fusion-title title fusion-title-1 fusion-sep-none fusion-title-center fusion-title-text fusion-title-size-two\" style=\"--awb-margin-bottom:20px;\"><h2 class=\"fusion-title-heading title-heading-center\" style=\"margin:0;\">We collaborate with the following mutual insurance companies<\/h2><\/div><div class=\"fusion-text fusion-text-1\" style=\"--awb-content-alignment:center;--awb-letter-spacing:var(--awb-typography4-letter-spacing);--awb-margin-right:10%;--awb-margin-left:10%;\"><div id=\"copy_27\" class=\"markdown prose w-full break-words dark:prose-invert dark system_write\">\n<p>At our clinic, we believe that collaboration with the best health insurance providers is essential to offering our patients quality, affordable, and reliable care. We work closely with leading insurance companies to facilitate access to specialized medical services, reduce wait times, and guarantee comprehensive care. Our commitment is to provide you with peace of mind and confidence, ensuring you receive the best possible care, regardless of your insurance plan.  <\/p>\n<\/div>\n<div class=\"flex justify-end gap-2 w-full mt-2\">\n<div class=\"text-gray-400 flex self-end lg:self-center justify-center gap-3 md:gap-4 visible\"><\/div>\n<\/div>\n<\/div><\/div><\/div><\/div><\/div><div class=\"fusion-fullwidth fullwidth-box fusion-builder-row-2 fusion-flex-container has-pattern-background has-mask-background nonhundred-percent-fullwidth non-hundred-percent-height-scrolling\" style=\"--awb-border-radius-top-left:0px;--awb-border-radius-top-right:0px;--awb-border-radius-bottom-right:0px;--awb-border-radius-bottom-left:0px;--awb-padding-top:2%;--awb-background-color:#e5e5e5;--awb-flex-wrap:wrap;\" ><div class=\"fusion-builder-row fusion-row fusion-flex-align-items-flex-start fusion-flex-content-wrap\" style=\"max-width:1404px;margin-left: calc(-4% \/ 2 );margin-right: calc(-4% \/ 2 );\"><div class=\"fusion-layout-column fusion_builder_column fusion-builder-column-1 fusion_builder_column_1_1 1_1 fusion-flex-column fusion-animated\" style=\"--awb-bg-size:cover;--awb-transition:filter 300ms ease-out, transform 300ms ease-out, background-color 300ms ease-out, border-color 300ms ease-out;--awb-width-large:100%;--awb-margin-top-large:0px;--awb-spacing-right-large:1.92%;--awb-margin-bottom-large:30px;--awb-spacing-left-large:1.92%;--awb-width-medium:100%;--awb-order-medium:0;--awb-spacing-right-medium:1.92%;--awb-spacing-left-medium:1.92%;--awb-width-small:100%;--awb-order-small:0;--awb-spacing-right-small:1.92%;--awb-spacing-left-small:1.92%;\" data-animationType=\"fadeIn\" data-animationDuration=\"0.3\" data-animationOffset=\"top-into-view\"><div class=\"fusion-column-wrapper fusion-column-has-shadow fusion-flex-justify-content-flex-start fusion-content-layout-column\"><div class=\"fusion-title title fusion-title-2 fusion-sep-none fusion-title-center fusion-title-text fusion-title-size-three\" style=\"--awb-margin-top:0px;--awb-margin-bottom:0px;\"><h3 class=\"fusion-title-heading title-heading-center\" style=\"margin:0;text-transform:lowercase;line-height:1.2;\"><h3 style=\"text-align: center;\">WORKPLACE ACCIDENTS<\/h3><\/h3><\/div><\/div><\/div><div class=\"fusion-layout-column fusion_builder_column fusion-builder-column-2 fusion_builder_column_1_1 1_1 fusion-flex-column\" style=\"--awb-bg-size:cover;--awb-width-large:100%;--awb-margin-top-large:0px;--awb-spacing-right-large:1.92%;--awb-margin-bottom-large:20px;--awb-spacing-left-large:1.92%;--awb-width-medium:100%;--awb-order-medium:0;--awb-spacing-right-medium:1.92%;--awb-spacing-left-medium:1.92%;--awb-width-small:100%;--awb-order-small:0;--awb-spacing-right-small:1.92%;--awb-spacing-left-small:1.92%;\" data-scroll-devices=\"small-visibility,medium-visibility,large-visibility\"><div class=\"fusion-column-wrapper fusion-column-has-shadow fusion-flex-justify-content-flex-start fusion-content-layout-column\"><div class=\"fusion-image-carousel fusion-image-carousel-auto fusion-image-carousel-1\"><div class=\"awb-carousel awb-swiper awb-swiper-carousel\" data-autoplay=\"yes\" data-columns=\"5\" data-itemmargin=\"10\" data-itemwidth=\"180\" data-touchscroll=\"yes\" data-imagesize=\"auto\" data-scrollitems=\"1\" style=\"--awb-column-spacing:10px;--awb-caption-title-color:rgba(255,255,255,0);--awb-caption-title-transform:capitalize;--awb-caption-text-color:rgba(255,255,255,0);--awb-caption-text-size:20px;--awb-caption-text-transform:var(--awb-typography2-text-transform);--awb-caption-text-line-height:1.4;--awb-caption-text-letter-spacing:0.02em;--awb-caption-overlay-color:rgba(255,255,255,0);\"><div class=\"swiper-wrapper awb-image-carousel-wrapper fusion-flex-align-items-center\"><div class=\"swiper-slide\"><div class=\"fusion-carousel-item-wrapper\"><div class=\"fusion-image-wrapper hover-type-zoomin\"><img decoding=\"async\" width=\"400\" height=\"400\" src=\"https:\/\/clinicalaseo.com\/wp-content\/uploads\/2025\/03\/fraternidad-web.png\" class=\"attachment-full size-full lazyload\" alt=\"Fraternidad Web\" srcset=\"data:image\/svg+xml,%3Csvg%20xmlns%3D%27http%3A%2F%2Fwww.w3.org%2F2000%2Fsvg%27%20width%3D%27400%27%20height%3D%27400%27%20viewBox%3D%270%200%20400%20400%27%3E%3Crect%20width%3D%27400%27%20height%3D%27400%27%20fill-opacity%3D%220%22%2F%3E%3C%2Fsvg%3E\" data-orig-src=\"https:\/\/clinicalaseo.com\/wp-content\/uploads\/2025\/03\/fraternidad-web.png\" data-srcset=\"https:\/\/clinicalaseo.com\/wp-content\/uploads\/2025\/03\/fraternidad-web-66x66.png 66w, https:\/\/clinicalaseo.com\/wp-content\/uploads\/2025\/03\/fraternidad-web-150x150.png 150w, https:\/\/clinicalaseo.com\/wp-content\/uploads\/2025\/03\/fraternidad-web-200x200.png 200w, https:\/\/clinicalaseo.com\/wp-content\/uploads\/2025\/03\/fraternidad-web-300x300.png 300w, https:\/\/clinicalaseo.com\/wp-content\/uploads\/2025\/03\/fraternidad-web.png 400w\" data-sizes=\"auto\" \/><\/div><\/div><\/div><\/div><div class=\"awb-swiper-button awb-swiper-button-prev\"><i class=\"awb-icon-angle-left\" aria-hidden=\"true\"><\/i><\/div><div class=\"awb-swiper-button awb-swiper-button-next\"><i class=\"awb-icon-angle-right\" aria-hidden=\"true\"><\/i><\/div><\/div><\/div><\/div><\/div><\/div><\/div><div class=\"fusion-fullwidth fullwidth-box fusion-builder-row-3 fusion-flex-container has-pattern-background has-mask-background nonhundred-percent-fullwidth non-hundred-percent-height-scrolling\" style=\"--awb-border-radius-top-left:0px;--awb-border-radius-top-right:0px;--awb-border-radius-bottom-right:0px;--awb-border-radius-bottom-left:0px;--awb-padding-top:2%;--awb-background-color:#e5e5e5;--awb-flex-wrap:wrap;\" ><div class=\"fusion-builder-row fusion-row fusion-flex-align-items-flex-start fusion-flex-content-wrap\" style=\"max-width:1404px;margin-left: calc(-4% \/ 2 );margin-right: calc(-4% \/ 2 );\"><div class=\"fusion-layout-column fusion_builder_column fusion-builder-column-3 fusion_builder_column_1_1 1_1 fusion-flex-column fusion-animated\" style=\"--awb-bg-size:cover;--awb-transition:filter 300ms ease-out, transform 300ms ease-out, background-color 300ms ease-out, border-color 300ms ease-out;--awb-width-large:100%;--awb-margin-top-large:0px;--awb-spacing-right-large:1.92%;--awb-margin-bottom-large:30px;--awb-spacing-left-large:1.92%;--awb-width-medium:100%;--awb-order-medium:0;--awb-spacing-right-medium:1.92%;--awb-spacing-left-medium:1.92%;--awb-width-small:100%;--awb-order-small:0;--awb-spacing-right-small:1.92%;--awb-spacing-left-small:1.92%;\" data-animationType=\"fadeIn\" data-animationDuration=\"0.3\" data-animationOffset=\"top-into-view\"><div class=\"fusion-column-wrapper fusion-column-has-shadow fusion-flex-justify-content-flex-start fusion-content-layout-column\"><div class=\"fusion-title title fusion-title-3 fusion-sep-none fusion-title-center fusion-title-text fusion-title-size-three\" style=\"--awb-margin-top:0px;--awb-margin-bottom:0px;\"><h3 class=\"fusion-title-heading title-heading-center\" style=\"margin:0;text-transform:lowercase;line-height:1.2;\"><h3 style=\"text-align: center;\">TRAFFIC ACCIDENT INSURANCE COMPANIES<\/h3><\/h3><\/div><\/div><\/div><div class=\"fusion-layout-column fusion_builder_column fusion-builder-column-4 fusion_builder_column_1_1 1_1 fusion-flex-column\" style=\"--awb-bg-size:cover;--awb-width-large:100%;--awb-margin-top-large:0px;--awb-spacing-right-large:1.92%;--awb-margin-bottom-large:20px;--awb-spacing-left-large:1.92%;--awb-width-medium:100%;--awb-order-medium:0;--awb-spacing-right-medium:1.92%;--awb-spacing-left-medium:1.92%;--awb-width-small:100%;--awb-order-small:0;--awb-spacing-right-small:1.92%;--awb-spacing-left-small:1.92%;\" data-scroll-devices=\"small-visibility,medium-visibility,large-visibility\"><div class=\"fusion-column-wrapper fusion-column-has-shadow fusion-flex-justify-content-flex-start fusion-content-layout-column\"><div class=\"fusion-image-carousel fusion-image-carousel-auto fusion-image-carousel-2\"><div class=\"awb-carousel awb-swiper awb-swiper-carousel\" data-autoplay=\"yes\" data-columns=\"5\" data-itemmargin=\"10\" data-itemwidth=\"180\" data-touchscroll=\"yes\" data-imagesize=\"auto\" data-scrollitems=\"1\" style=\"--awb-column-spacing:10px;--awb-caption-title-color:rgba(255,255,255,0);--awb-caption-title-transform:capitalize;--awb-caption-text-color:rgba(255,255,255,0);--awb-caption-text-size:20px;--awb-caption-text-transform:var(--awb-typography2-text-transform);--awb-caption-text-line-height:1.4;--awb-caption-text-letter-spacing:0.02em;--awb-caption-overlay-color:rgba(255,255,255,0);\"><div class=\"swiper-wrapper awb-image-carousel-wrapper fusion-flex-align-items-center\"><div class=\"swiper-slide\"><div class=\"fusion-carousel-item-wrapper\"><div class=\"fusion-image-wrapper hover-type-zoomin\"><img decoding=\"async\" width=\"800\" height=\"800\" src=\"https:\/\/clinicalaseo.com\/wp-content\/uploads\/2025\/06\/fisiogestion-logo-cast-og-800-Photoroom.png\" class=\"attachment-full size-full lazyload\" alt=\"Fisiogestion Logo Cast Og 800 Photoroom\" srcset=\"data:image\/svg+xml,%3Csvg%20xmlns%3D%27http%3A%2F%2Fwww.w3.org%2F2000%2Fsvg%27%20width%3D%27800%27%20height%3D%27800%27%20viewBox%3D%270%200%20800%20800%27%3E%3Crect%20width%3D%27800%27%20height%3D%27800%27%20fill-opacity%3D%220%22%2F%3E%3C%2Fsvg%3E\" data-orig-src=\"https:\/\/clinicalaseo.com\/wp-content\/uploads\/2025\/06\/fisiogestion-logo-cast-og-800-Photoroom.png\" data-srcset=\"https:\/\/clinicalaseo.com\/wp-content\/uploads\/2025\/06\/fisiogestion-logo-cast-og-800-Photoroom-200x200.png 200w, https:\/\/clinicalaseo.com\/wp-content\/uploads\/2025\/06\/fisiogestion-logo-cast-og-800-Photoroom-400x400.png 400w, https:\/\/clinicalaseo.com\/wp-content\/uploads\/2025\/06\/fisiogestion-logo-cast-og-800-Photoroom-600x600.png 600w, https:\/\/clinicalaseo.com\/wp-content\/uploads\/2025\/06\/fisiogestion-logo-cast-og-800-Photoroom.png 800w\" data-sizes=\"auto\" \/><\/div><\/div><\/div><div class=\"swiper-slide\"><div class=\"fusion-carousel-item-wrapper\"><div class=\"fusion-image-wrapper hover-type-zoomin\"><img decoding=\"async\" width=\"852\" height=\"374\" src=\"https:\/\/clinicalaseo.com\/wp-content\/uploads\/2025\/06\/fisi-on-Photoroom.png\" class=\"attachment-full size-full lazyload\" alt=\"Fisi On Photoroom\" srcset=\"data:image\/svg+xml,%3Csvg%20xmlns%3D%27http%3A%2F%2Fwww.w3.org%2F2000%2Fsvg%27%20width%3D%27852%27%20height%3D%27374%27%20viewBox%3D%270%200%20852%20374%27%3E%3Crect%20width%3D%27852%27%20height%3D%27374%27%20fill-opacity%3D%220%22%2F%3E%3C%2Fsvg%3E\" data-orig-src=\"https:\/\/clinicalaseo.com\/wp-content\/uploads\/2025\/06\/fisi-on-Photoroom.png\" data-srcset=\"https:\/\/clinicalaseo.com\/wp-content\/uploads\/2025\/06\/fisi-on-Photoroom-200x88.png 200w, https:\/\/clinicalaseo.com\/wp-content\/uploads\/2025\/06\/fisi-on-Photoroom-400x176.png 400w, https:\/\/clinicalaseo.com\/wp-content\/uploads\/2025\/06\/fisi-on-Photoroom-600x263.png 600w, https:\/\/clinicalaseo.com\/wp-content\/uploads\/2025\/06\/fisi-on-Photoroom-800x351.png 800w, https:\/\/clinicalaseo.com\/wp-content\/uploads\/2025\/06\/fisi-on-Photoroom.png 852w\" data-sizes=\"auto\" \/><\/div><\/div><\/div><div class=\"swiper-slide\"><div class=\"fusion-carousel-item-wrapper\"><div class=\"fusion-image-wrapper hover-type-zoomin\"><img decoding=\"async\" width=\"400\" height=\"400\" src=\"https:\/\/clinicalaseo.com\/wp-content\/uploads\/2025\/04\/logo-gestimedica-Photoroom.png\" class=\"attachment-full size-full lazyload\" alt=\"Logo Gestimedica Photoroom\" srcset=\"data:image\/svg+xml,%3Csvg%20xmlns%3D%27http%3A%2F%2Fwww.w3.org%2F2000%2Fsvg%27%20width%3D%27400%27%20height%3D%27400%27%20viewBox%3D%270%200%20400%20400%27%3E%3Crect%20width%3D%27400%27%20height%3D%27400%27%20fill-opacity%3D%220%22%2F%3E%3C%2Fsvg%3E\" data-orig-src=\"https:\/\/clinicalaseo.com\/wp-content\/uploads\/2025\/04\/logo-gestimedica-Photoroom.png\" data-srcset=\"https:\/\/clinicalaseo.com\/wp-content\/uploads\/2025\/04\/logo-gestimedica-Photoroom-200x200.png 200w, https:\/\/clinicalaseo.com\/wp-content\/uploads\/2025\/04\/logo-gestimedica-Photoroom.png 400w\" data-sizes=\"auto\" \/><\/div><\/div><\/div><div class=\"swiper-slide\"><div class=\"fusion-carousel-item-wrapper\"><div class=\"fusion-image-wrapper hover-type-zoomin\"><img decoding=\"async\" width=\"400\" height=\"400\" src=\"https:\/\/clinicalaseo.com\/wp-content\/uploads\/2025\/03\/gerosalud-web.png\" class=\"attachment-full size-full lazyload\" alt=\"Gerosalud Web\" srcset=\"data:image\/svg+xml,%3Csvg%20xmlns%3D%27http%3A%2F%2Fwww.w3.org%2F2000%2Fsvg%27%20width%3D%27400%27%20height%3D%27400%27%20viewBox%3D%270%200%20400%20400%27%3E%3Crect%20width%3D%27400%27%20height%3D%27400%27%20fill-opacity%3D%220%22%2F%3E%3C%2Fsvg%3E\" data-orig-src=\"https:\/\/clinicalaseo.com\/wp-content\/uploads\/2025\/03\/gerosalud-web.png\" data-srcset=\"https:\/\/clinicalaseo.com\/wp-content\/uploads\/2025\/03\/gerosalud-web-200x200.png 200w, https:\/\/clinicalaseo.com\/wp-content\/uploads\/2025\/03\/gerosalud-web.png 400w\" data-sizes=\"auto\" \/><\/div><\/div><\/div><div class=\"swiper-slide\"><div class=\"fusion-carousel-item-wrapper\"><div class=\"fusion-image-wrapper hover-type-zoomin\"><img decoding=\"async\" width=\"670\" height=\"172\" src=\"https:\/\/clinicalaseo.com\/wp-content\/uploads\/2025\/06\/digglonaranja.jpeg\" class=\"attachment-full size-full lazyload\" alt=\"Digglonaranja\" srcset=\"data:image\/svg+xml,%3Csvg%20xmlns%3D%27http%3A%2F%2Fwww.w3.org%2F2000%2Fsvg%27%20width%3D%27670%27%20height%3D%27172%27%20viewBox%3D%270%200%20670%20172%27%3E%3Crect%20width%3D%27670%27%20height%3D%27172%27%20fill-opacity%3D%220%22%2F%3E%3C%2Fsvg%3E\" data-orig-src=\"https:\/\/clinicalaseo.com\/wp-content\/uploads\/2025\/06\/digglonaranja.jpeg\" data-srcset=\"https:\/\/clinicalaseo.com\/wp-content\/uploads\/2025\/06\/digglonaranja-200x51.jpeg 200w, https:\/\/clinicalaseo.com\/wp-content\/uploads\/2025\/06\/digglonaranja-400x103.jpeg 400w, https:\/\/clinicalaseo.com\/wp-content\/uploads\/2025\/06\/digglonaranja-600x154.jpeg 600w, https:\/\/clinicalaseo.com\/wp-content\/uploads\/2025\/06\/digglonaranja.jpeg 670w\" data-sizes=\"auto\" \/><\/div><\/div><\/div><div class=\"swiper-slide\"><div class=\"fusion-carousel-item-wrapper\"><div class=\"fusion-image-wrapper hover-type-zoomin\"><img decoding=\"async\" width=\"225\" height=\"225\" src=\"https:\/\/clinicalaseo.com\/wp-content\/uploads\/2025\/06\/nubasalud-Photoroom.png\" class=\"attachment-full size-full lazyload\" alt=\"Nubasalud Photoroom\" srcset=\"data:image\/svg+xml,%3Csvg%20xmlns%3D%27http%3A%2F%2Fwww.w3.org%2F2000%2Fsvg%27%20width%3D%27225%27%20height%3D%27225%27%20viewBox%3D%270%200%20225%20225%27%3E%3Crect%20width%3D%27225%27%20height%3D%27225%27%20fill-opacity%3D%220%22%2F%3E%3C%2Fsvg%3E\" data-orig-src=\"https:\/\/clinicalaseo.com\/wp-content\/uploads\/2025\/06\/nubasalud-Photoroom.png\" data-srcset=\"https:\/\/clinicalaseo.com\/wp-content\/uploads\/2025\/06\/nubasalud-Photoroom-200x200.png 200w, https:\/\/clinicalaseo.com\/wp-content\/uploads\/2025\/06\/nubasalud-Photoroom.png 225w\" data-sizes=\"auto\" \/><\/div><\/div><\/div><\/div><div class=\"awb-swiper-button awb-swiper-button-prev\"><i class=\"awb-icon-angle-left\" aria-hidden=\"true\"><\/i><\/div><div class=\"awb-swiper-button awb-swiper-button-next\"><i class=\"awb-icon-angle-right\" aria-hidden=\"true\"><\/i><\/div><\/div><\/div><\/div><\/div><\/div><\/div><div class=\"fusion-fullwidth fullwidth-box fusion-builder-row-4 fusion-flex-container has-pattern-background has-mask-background nonhundred-percent-fullwidth non-hundred-percent-height-scrolling\" style=\"--awb-border-radius-top-left:0px;--awb-border-radius-top-right:0px;--awb-border-radius-bottom-right:0px;--awb-border-radius-bottom-left:0px;--awb-flex-wrap:wrap;\" ><div class=\"fusion-builder-row fusion-row fusion-flex-align-items-flex-start fusion-flex-content-wrap\" style=\"max-width:1404px;margin-left: calc(-4% \/ 2 );margin-right: calc(-4% \/ 2 );\"><div class=\"fusion-layout-column fusion_builder_column fusion-builder-column-5 fusion_builder_column_1_1 1_1 fusion-flex-column\" style=\"--awb-bg-size:cover;--awb-width-large:100%;--awb-margin-top-large:0px;--awb-spacing-right-large:1.92%;--awb-margin-bottom-large:20px;--awb-spacing-left-large:1.92%;--awb-width-medium:100%;--awb-order-medium:0;--awb-spacing-right-medium:1.92%;--awb-spacing-left-medium:1.92%;--awb-width-small:100%;--awb-order-small:0;--awb-spacing-right-small:1.92%;--awb-spacing-left-small:1.92%;\"><div class=\"fusion-column-wrapper fusion-column-has-shadow fusion-flex-justify-content-flex-start fusion-content-layout-column\"><\/div><\/div><\/div><\/div><\/p>\n","protected":false},"excerpt":{"rendered":"","protected":false},"author":1,"featured_media":0,"parent":0,"menu_order":0,"comment_status":"closed","ping_status":"closed","template":"100-width.php","meta":{"footnotes":""},"class_list":["post-20496","page","type-page","status-publish","hentry"],"yoast_head":"<!-- This site is optimized with the Yoast SEO plugin v27.4 - https:\/\/yoast.com\/product\/yoast-seo-wordpress\/ -->\n<title>Mutual Insurance and Workplace Accident Insurance at Cl\u00ednica La Seo | Specialized Medical Care<\/title>\n<meta name=\"description\" content=\"At Cl\u00ednica La Seo we offer specialized care for mutual insurance companies and workplace accidents in X\u00e0tiva. Medical treatment, follow-up, and recovery from work-related injuries.\" \/>\n<meta name=\"robots\" content=\"index, follow, max-snippet:-1, max-image-preview:large, max-video-preview:-1\" \/>\n<link rel=\"canonical\" href=\"https:\/\/clinicalaseo.com\/en\/mutuals-and-work-accidents\/\" \/>\n<meta property=\"og:locale\" content=\"en_US\" \/>\n<meta property=\"og:type\" content=\"article\" \/>\n<meta property=\"og:title\" content=\"Mutual Insurance and Workplace Accident Insurance at Cl\u00ednica La Seo | Specialized Medical Care\" \/>\n<meta property=\"og:description\" content=\"At Cl\u00ednica La Seo we offer specialized care for mutual insurance companies and workplace accidents in X\u00e0tiva. Medical treatment, follow-up, and recovery from work-related injuries.\" \/>\n<meta property=\"og:url\" content=\"https:\/\/clinicalaseo.com\/en\/mutuals-and-work-accidents\/\" \/>\n<meta property=\"og:site_name\" content=\"CLINICA NUESTRA SE\u00d1ORA DE LA SEO S.L\" \/>\n<meta property=\"article:modified_time\" content=\"2025-07-03T09:32:47+00:00\" \/>\n<meta name=\"twitter:card\" content=\"summary_large_image\" \/>\n<meta name=\"twitter:label1\" content=\"Est. reading time\" \/>\n\t<meta name=\"twitter:data1\" content=\"27 minutes\" \/>\n<!-- \/ Yoast SEO plugin. -->","yoast_head_json":{"title":"Mutual Insurance and Workplace Accident Insurance at Cl\u00ednica La Seo | Specialized Medical Care","description":"At Cl\u00ednica La Seo we offer specialized care for mutual insurance companies and workplace accidents in X\u00e0tiva. Medical treatment, follow-up, and recovery from work-related injuries.","robots":{"index":"index","follow":"follow","max-snippet":"max-snippet:-1","max-image-preview":"max-image-preview:large","max-video-preview":"max-video-preview:-1"},"canonical":"https:\/\/clinicalaseo.com\/en\/mutuals-and-work-accidents\/","og_locale":"en_US","og_type":"article","og_title":"Mutual Insurance and Workplace Accident Insurance at Cl\u00ednica La Seo | Specialized Medical Care","og_description":"At Cl\u00ednica La Seo we offer specialized care for mutual insurance companies and workplace accidents in X\u00e0tiva. Medical treatment, follow-up, and recovery from work-related injuries.","og_url":"https:\/\/clinicalaseo.com\/en\/mutuals-and-work-accidents\/","og_site_name":"CLINICA NUESTRA SE\u00d1ORA DE LA SEO S.L","article_modified_time":"2025-07-03T09:32:47+00:00","twitter_card":"summary_large_image","twitter_misc":{"Est. reading time":"27 minutes"},"schema":{"@context":"https:\/\/schema.org","@graph":[{"@type":"WebPage","@id":"https:\/\/clinicalaseo.com\/en\/mutuals-and-work-accidents\/","url":"https:\/\/clinicalaseo.com\/en\/mutuals-and-work-accidents\/","name":"Mutual Insurance and Workplace Accident Insurance at Cl\u00ednica La Seo | Specialized Medical Care","isPartOf":{"@id":"https:\/\/clinicalaseo.com\/#website"},"datePublished":"2025-03-29T11:22:41+00:00","dateModified":"2025-07-03T09:32:47+00:00","description":"At Cl\u00ednica La Seo we offer specialized care for mutual insurance companies and workplace accidents in X\u00e0tiva. Medical treatment, follow-up, and recovery from work-related injuries.","breadcrumb":{"@id":"https:\/\/clinicalaseo.com\/en\/mutuals-and-work-accidents\/#breadcrumb"},"inLanguage":"en-US","potentialAction":[{"@type":"ReadAction","target":["https:\/\/clinicalaseo.com\/en\/mutuals-and-work-accidents\/"]}]},{"@type":"BreadcrumbList","@id":"https:\/\/clinicalaseo.com\/en\/mutuals-and-work-accidents\/#breadcrumb","itemListElement":[{"@type":"ListItem","position":1,"name":"Portada","item":"https:\/\/clinicalaseo.com\/en\/"},{"@type":"ListItem","position":2,"name":"Mutuals and work accidents"}]},{"@type":"WebSite","@id":"https:\/\/clinicalaseo.com\/#website","url":"https:\/\/clinicalaseo.com\/","name":"CLINICA NUESTRA SE\u00d1ORA DE LA SEO S.L","description":"Centro m\u00e9dico asistencial en X\u00e0tiva","potentialAction":[{"@type":"SearchAction","target":{"@type":"EntryPoint","urlTemplate":"https:\/\/clinicalaseo.com\/?s={search_term_string}"},"query-input":{"@type":"PropertyValueSpecification","valueRequired":true,"valueName":"search_term_string"}}],"inLanguage":"en-US"},{"@type":"ImageObject","inLanguage":"en-US","@id":"https:\/\/clinicalaseo.com\/en\/mutuals-and-work-accidents\/#local-main-organization-logo","url":"","contentUrl":"","caption":"CLINICA NUESTRA SE\u00d1ORA DE LA SEO S.L"}]}},"_links":{"self":[{"href":"https:\/\/clinicalaseo.com\/en\/wp-json\/wp\/v2\/pages\/20496","targetHints":{"allow":["GET"]}}],"collection":[{"href":"https:\/\/clinicalaseo.com\/en\/wp-json\/wp\/v2\/pages"}],"about":[{"href":"https:\/\/clinicalaseo.com\/en\/wp-json\/wp\/v2\/types\/page"}],"author":[{"embeddable":true,"href":"https:\/\/clinicalaseo.com\/en\/wp-json\/wp\/v2\/users\/1"}],"replies":[{"embeddable":true,"href":"https:\/\/clinicalaseo.com\/en\/wp-json\/wp\/v2\/comments?post=20496"}],"version-history":[{"count":4,"href":"https:\/\/clinicalaseo.com\/en\/wp-json\/wp\/v2\/pages\/20496\/revisions"}],"predecessor-version":[{"id":20741,"href":"https:\/\/clinicalaseo.com\/en\/wp-json\/wp\/v2\/pages\/20496\/revisions\/20741"}],"wp:attachment":[{"href":"https:\/\/clinicalaseo.com\/en\/wp-json\/wp\/v2\/media?parent=20496"}],"curies":[{"name":"wp","href":"https:\/\/api.w.org\/{rel}","templated":true}]}}