{"id":20494,"date":"2025-04-05T13:54:39","date_gmt":"2025-04-05T11:54:39","guid":{"rendered":"https:\/\/clinicalaseo.com\/desistimiento\/"},"modified":"2025-07-03T11:34:58","modified_gmt":"2025-07-03T09:34:58","slug":"withdrawal","status":"publish","type":"page","link":"https:\/\/clinicalaseo.com\/en\/withdrawal\/","title":{"rendered":"Withdrawal"},"content":{"rendered":"<script type=\"text\/javascript\">var gform;gform||(document.addEventListener(\"gform_main_scripts_loaded\",function(){gform.scriptsLoaded=!0}),window.addEventListener(\"DOMContentLoaded\",function(){gform.domLoaded=!0}),gform={domLoaded:!1,scriptsLoaded:!1,initializeOnLoaded:function(o){gform.domLoaded&&gform.scriptsLoaded?o():!gform.domLoaded&&gform.scriptsLoaded?window.addEventListener(\"DOMContentLoaded\",o):document.addEventListener(\"gform_main_scripts_loaded\",o)},hooks:{action:{},filter:{}},addAction:function(o,n,r,t){gform.addHook(\"action\",o,n,r,t)},addFilter:function(o,n,r,t){gform.addHook(\"filter\",o,n,r,t)},doAction:function(o){gform.doHook(\"action\",o,arguments)},applyFilters:function(o){return gform.doHook(\"filter\",o,arguments)},removeAction:function(o,n){gform.removeHook(\"action\",o,n)},removeFilter:function(o,n,r){gform.removeHook(\"filter\",o,n,r)},addHook:function(o,n,r,t,i){null==gform.hooks[o][n]&&(gform.hooks[o][n]=[]);var e=gform.hooks[o][n];null==i&&(i=n+\"_\"+e.length),gform.hooks[o][n].push({tag:i,callable:r,priority:t=null==t?10:t})},doHook:function(n,o,r){var t;if(r=Array.prototype.slice.call(r,1),null!=gform.hooks[n][o]&&((o=gform.hooks[n][o]).sort(function(o,n){return o.priority-n.priority}),o.forEach(function(o){\"function\"!=typeof(t=o.callable)&&(t=window[t]),\"action\"==n?t.apply(null,r):r[0]=t.apply(null,r)})),\"filter\"==n)return r[0]},removeHook:function(o,n,t,i){var r;null!=gform.hooks[o][n]&&(r=(r=gform.hooks[o][n]).filter(function(o,n,r){return!!(null!=i&&i!=o.tag||null!=t&&t!=o.priority)}),gform.hooks[o][n]=r)}});<\/script>\r\n                <div class='gf_browser_gecko gform_wrapper gravity-theme' id='gform_wrapper_2' ><form method='post' enctype='multipart\/form-data'  id='gform_2'  action='\/en\/wp-json\/wp\/v2\/pages\/20494' >\r\n                        <div class='gform_body gform-body'><div id='gform_fields_2' class='gform_fields top_label form_sublabel_below description_below'><div id=\"field_2_1\"  class=\"gfield gfield_html gfield_html_formatted gfield_no_follows_desc field_sublabel_below field_description_below gfield_visibility_visible\"  data-js-reload=\"field_2_1\"><h2>WITHDRAWAL FORM<\/h2>\n\n<h3>Subject: Withdrawal from contract, service, or purchased product<\/h3><\/div><div id=\"field_2_17\"  class=\"gfield gsection field_sublabel_below field_description_below gfield_visibility_visible\"  data-js-reload=\"field_2_17\"><h3 class=\"gsection_title\"><\/h3><\/div><div id=\"field_2_3\"  class=\"gfield gfield--width-full field_sublabel_below field_description_below gfield_visibility_visible\"  data-js-reload=\"field_2_3\"><label class='gfield_label' for='input_2_3' >Place and date:<\/label><div class='ginput_container ginput_container_text'><input name='input_3' id='input_2_3' type='text' value='' class='large'      aria-invalid=\"false\"   \/> <\/div><\/div><div id=\"field_2_4\"  class=\"gfield gfield--width-full field_sublabel_below field_description_below gfield_visibility_visible\"  data-js-reload=\"field_2_4\"><label class='gfield_label' for='input_2_4' >By means of this letter, I\/we hereby inform you of my\/our intention to WITHDRAW from our contract for the provision or supply of the following services or the acquisition of the following products:<\/label><div class='ginput_container ginput_container_text'><input name='input_4' id='input_2_4' type='text' value='' class='large'      aria-invalid=\"false\"   \/> <\/div><\/div><div id=\"field_2_5\"  class=\"gfield gfield--width-full field_sublabel_below field_description_below gfield_visibility_visible\"  data-js-reload=\"field_2_5\"><label class='gfield_label' for='input_2_5' >Type of service(s) or product(s) and description thereof (include, where applicable, the reference number):<\/label><div class='ginput_container ginput_container_text'><input name='input_5' id='input_2_5' type='text' value='' class='large'      aria-invalid=\"false\"   \/> <\/div><\/div><div id=\"field_2_18\"  class=\"gfield gsection field_sublabel_below field_description_below gfield_visibility_visible\"  data-js-reload=\"field_2_18\"><h3 class=\"gsection_title\"><\/h3><\/div><div id=\"field_2_6\"  class=\"gfield gfield--width-full field_sublabel_below field_description_below gfield_visibility_visible\"  data-js-reload=\"field_2_6\"><label class='gfield_label' for='input_2_6' >Order number:<\/label><div class='ginput_container ginput_container_text'><input name='input_6' id='input_2_6' type='text' value='' class='large'      aria-invalid=\"false\"   \/> <\/div><\/div><div id=\"field_2_8\"  class=\"gfield gfield--width-full field_sublabel_below field_description_below gfield_visibility_visible\"  data-js-reload=\"field_2_8\"><label class='gfield_label' for='input_2_8' >Date the order was placed or subscribed:<\/label><div class='ginput_container ginput_container_date'>\r\n                            <input name='input_8' id='input_2_8' type='text' value='' class='datepicker mdy datepicker_no_icon gdatepicker-no-icon'   placeholder='mm\/dd\/yyyy' aria-describedby=\"input_2_8_date_format\" aria-invalid=\"false\" \/>\r\n                            <span id='input_2_8_date_format' class='screen-reader-text'>MM slash DD slash YYYY<\/span>\r\n                        <\/div>\r\n                        <input type='hidden' id='gforms_calendar_icon_input_2_8' class='gform_hidden' value='https:\/\/clinicalaseo.com\/wp-content\/plugins\/gravityforms\/images\/datepicker\/datepicker.svg'\/><\/div><div id=\"field_2_9\"  class=\"gfield gfield--width-full field_sublabel_below field_description_below gfield_visibility_visible\"  data-js-reload=\"field_2_9\"><label class='gfield_label' for='input_2_9' >Name and identity document (DNI\/NIE\/Passport) of the consumer(s) and user(s) (copy attached):<\/label><div class='ginput_container ginput_container_text'><input name='input_9' id='input_2_9' type='text' value='' class='large'      aria-invalid=\"false\"   \/> <\/div><\/div><div id=\"field_2_10\"  class=\"gfield gfield--width-full field_sublabel_below field_description_below gfield_visibility_visible\"  data-js-reload=\"field_2_10\"><label class='gfield_label' for='input_2_10' >Attach<\/label><div class='ginput_container ginput_container_fileupload'><input name='input_10' id='input_2_10' type='file' class='large' aria-describedby=\"gfield_upload_rules_2_10\" onchange='javascript:gformValidateFileSize( this, 2147483648 );'  \/><span class='gform_fileupload_rules' id='gfield_upload_rules_2_10'>Max. file size: 2 GB.<\/span><div class='validation_message validation_message--hidden-on-empty' id='live_validation_message_2_10'><\/div><\/div><\/div><div id=\"field_2_20\"  class=\"gfield gsection field_sublabel_below field_description_below gfield_visibility_visible\"  data-js-reload=\"field_2_20\"><h3 class=\"gsection_title\"><\/h3><\/div><div id=\"field_2_11\"  class=\"gfield gfield--width-full field_sublabel_below field_description_below gfield_visibility_visible\"  data-js-reload=\"field_2_11\"><label class='gfield_label' for='input_2_11' >Address of consumer(s) and user(s):<\/label><div class='ginput_container ginput_container_text'><input name='input_11' id='input_2_11' type='text' value='' class='large'      aria-invalid=\"false\"   \/> <\/div><\/div><div id=\"field_2_12\"  class=\"gfield gfield--width-full field_sublabel_below field_description_below gfield_visibility_visible\"  data-js-reload=\"field_2_12\"><label class='gfield_label' for='input_2_12' >Telephone number of consumer(s) and user(s):<\/label><div class='ginput_container ginput_container_text'><input name='input_12' id='input_2_12' type='text' value='' class='large'      aria-invalid=\"false\"   \/> <\/div><\/div><div id=\"field_2_13\"  class=\"gfield gfield--width-full field_sublabel_below field_description_below gfield_visibility_visible\"  data-js-reload=\"field_2_13\"><label class='gfield_label' for='input_2_13' >Email of consumer(s) and user(s):<\/label><div class='ginput_container ginput_container_text'><input name='input_13' id='input_2_13' type='text' value='' class='large'      aria-invalid=\"false\"   \/> <\/div><\/div><div id=\"field_2_14\"  class=\"gfield gfield--width-full field_sublabel_below field_description_below gfield_visibility_visible\"  data-js-reload=\"field_2_14\"><label class='gfield_label' for='input_2_14' >Username who placed the order on the website:<\/label><div class='ginput_container ginput_container_text'><input name='input_14' id='input_2_14' type='text' value='' class='large'      aria-invalid=\"false\"   \/> <\/div><\/div><div id=\"field_2_16\"  class=\"gfield gfield--width-full gfield_html gfield_html_formatted gfield_no_follows_desc field_sublabel_below field_description_below gfield_visibility_visible\"  data-js-reload=\"field_2_16\"><div class=\"moz-signature\">\n\nIn the event of withdrawal on your part, we will refund all payments received from you, including delivery costs (with the exception of additional costs resulting from your choice of a delivery method other than the least expensive standard delivery method we offer) without undue delay and, in any case, no later than 14 days from the date on which we are informed of your decision to withdraw from this contract. We will proceed with this refund using the same payment method used by you for the initial transaction, unless you have expressly agreed otherwise; in any case, you will not incur any costs as a result of the refund. Once the merchandise has been received at our warehouses and after checking its condition, the refund will be processed.\n\nYou must return or deliver the products to clinicalaseo.com at Carrer Humaniste Llas de Fenollet, 46800 Xativa, Valencia, without undue delay and, in any case, no later than 14 days from the date you notify us of your decision to withdraw from your order or return any product from your order. The deadline will be deemed met if you return the products before this deadline has expired. The customer will be responsible for any decrease in value of the goods resulting from handling them other than that necessary to establish their nature, characteristics, or functioning. Therefore, in this case, the customer will receive the value of the goods in the condition they were received.\n\nThe customer will bear the direct costs of returning the goods, including the postage costs.\n\n\n&nbsp; <br><\/br>\n<\/div>\n<div class=\"moz-signature\"><b>Exceptions to the right of withdrawal are:<\/b>\n<ul>\n<li>Products that, for hygiene or health reasons, cannot be returned once they have been unsealed and\/or inseparably joined to other goods.<\/li>\n<li>Perishable products that may deteriorate or expire quickly.<\/li>\n<li>Products specifically made for the user, personalized according to their specifications.<\/li>\n<\/ul>\n<\/div>\n<div class=\"moz-signature\"><\/div><\/div><div id=\"field_2_21\"  class=\"gfield gfield--width-full field_sublabel_below field_description_below gfield_visibility_visible\"  data-js-reload=\"field_2_21\"><label class='gfield_label' for='input_2_21' >CAPTCHA<\/label><div id='input_2_21' class='ginput_container ginput_recaptcha' data-sitekey=''  data-theme='light' data-tabindex='0'  data-badge=''><\/div><\/div><fieldset id=\"field_2_22\"  class=\"gfield gfield--width-full field_sublabel_below field_description_below gfield_visibility_visible\"  data-js-reload=\"field_2_22\"><legend class='gfield_label gfield_label_before_complex'  >Consent<\/legend><div class='ginput_container ginput_container_consent'><input name='input_22.1' id='input_2_22_1' type='checkbox' value='1'  aria-describedby=\"gfield_consent_description_2_22\"  aria-invalid=\"false\"   \/> <label class=\"gfield_consent_label\" for='input_2_22_1' >I have read and accept the <a href=\"\/privacy-policy\/\">Privacy Policy.<\/a><\/label><input type='hidden' name='input_22.2' value='I have read and accept the &lt;a href=&quot;\/privacy-policy\/&quot;&gt;Privacy Policy.&lt;\/a&gt;' class='gform_hidden' \/><input type='hidden' name='input_22.3' value='6' class='gform_hidden' \/><\/div><div class='gfield_description gfield_consent_description' id='gfield_consent_description_2_22'>By clicking SEND, you provide us with your information. We inform you that the Controller is clinicalaseo.com. The purpose is to process and manage your withdrawal request. The legitimacy is based on your consent. Recipients: Your data is stored in a database on our website until your case is resolved. You may exercise your rights to access, correct, restrict, or delete your data at info@clinicalaseo.com. For more information, see our <a href=\"\/privacy-policy\/\">privacy policy.<\/a><\/div><\/fieldset><\/div><\/div>\r\n        <div class='gform_footer top_label'> <input type='submit' id='gform_submit_button_2' class='gform_button button' value='Send'  onclick='if(window[\"gf_submitting_2\"]){return false;}  window[\"gf_submitting_2\"]=true;  ' onkeypress='if( event.keyCode == 13 ){ if(window[\"gf_submitting_2\"]){return false;} window[\"gf_submitting_2\"]=true;  jQuery(\"#gform_2\").trigger(\"submit\",[true]); }' \/> \r\n            <input type='hidden' class='gform_hidden' name='is_submit_2' value='1' \/>\r\n            <input type='hidden' class='gform_hidden' name='gform_submit' value='2' \/>\r\n            \r\n            <input type='hidden' class='gform_hidden' name='gform_unique_id' value='' \/>\r\n            <input type='hidden' class='gform_hidden' name='state_2' value='WyJ7XCIyMi4xXCI6XCJlOTYxNjFmYmU2N2MzZWJmNmYwYTgzNWIwZjAxODk4YVwiLFwiMjIuMlwiOlwiNjc5YTdmNjBhNDViNDQ2YjUxMjk5YjE2OWMwNWI2N2VcIixcIjIyLjNcIjpcImU2MWZhZDFhZTM3NTIyNTA4MzFlODQwNDExMDhhYjZmXCJ9IiwiZmJlNjRhMmFjOGE5Yzk3ZTc0OTg5NGY5ZTRhOTE4ODgiXQ==' \/>\r\n            <input type='hidden' class='gform_hidden' name='gform_target_page_number_2' id='gform_target_page_number_2' value='0' \/>\r\n            <input type='hidden' class='gform_hidden' name='gform_source_page_number_2' id='gform_source_page_number_2' value='1' \/>\r\n            <input type='hidden' name='gform_field_values' value='' \/>\r\n            \r\n        <\/div>\r\n                        <\/form>\r\n                        <\/div>\n","protected":false},"excerpt":{"rendered":"","protected":false},"author":1,"featured_media":0,"parent":0,"menu_order":0,"comment_status":"closed","ping_status":"closed","template":"","meta":{"footnotes":""},"class_list":["post-20494","page","type-page","status-publish","hentry"],"yoast_head":"<!-- This site is optimized with the Yoast SEO plugin v27.4 - https:\/\/yoast.com\/product\/yoast-seo-wordpress\/ -->\n<title>Right of Withdrawal | Cl\u00ednica La Seo | Cancellation Policy<\/title>\n<meta name=\"description\" content=\"See our withdrawal policy at Cl\u00ednica La Seo. Learn about the terms and conditions for canceling or modifying your medical appointments quickly and easily.\" \/>\n<meta name=\"robots\" content=\"index, follow, max-snippet:-1, max-image-preview:large, max-video-preview:-1\" \/>\n<link rel=\"canonical\" href=\"https:\/\/clinicalaseo.com\/en\/withdrawal\/\" \/>\n<meta property=\"og:locale\" content=\"en_US\" \/>\n<meta property=\"og:type\" content=\"article\" \/>\n<meta property=\"og:title\" content=\"Right of Withdrawal | Cl\u00ednica La Seo | Cancellation Policy\" \/>\n<meta property=\"og:description\" content=\"See our withdrawal policy at Cl\u00ednica La Seo. Learn about the terms and conditions for canceling or modifying your medical appointments quickly and easily.\" \/>\n<meta property=\"og:url\" content=\"https:\/\/clinicalaseo.com\/en\/withdrawal\/\" \/>\n<meta property=\"og:site_name\" content=\"CLINICA NUESTRA SE\u00d1ORA DE LA SEO S.L\" \/>\n<meta property=\"article:modified_time\" content=\"2025-07-03T09:34:58+00:00\" \/>\n<meta name=\"twitter:card\" content=\"summary_large_image\" \/>\n<meta name=\"twitter:label1\" content=\"Est. reading time\" \/>\n\t<meta name=\"twitter:data1\" content=\"3 minutes\" \/>\n<!-- \/ Yoast SEO plugin. -->","yoast_head_json":{"title":"Right of Withdrawal | Cl\u00ednica La Seo | Cancellation Policy","description":"See our withdrawal policy at Cl\u00ednica La Seo. Learn about the terms and conditions for canceling or modifying your medical appointments quickly and easily.","robots":{"index":"index","follow":"follow","max-snippet":"max-snippet:-1","max-image-preview":"max-image-preview:large","max-video-preview":"max-video-preview:-1"},"canonical":"https:\/\/clinicalaseo.com\/en\/withdrawal\/","og_locale":"en_US","og_type":"article","og_title":"Right of Withdrawal | Cl\u00ednica La Seo | Cancellation Policy","og_description":"See our withdrawal policy at Cl\u00ednica La Seo. Learn about the terms and conditions for canceling or modifying your medical appointments quickly and easily.","og_url":"https:\/\/clinicalaseo.com\/en\/withdrawal\/","og_site_name":"CLINICA NUESTRA SE\u00d1ORA DE LA SEO S.L","article_modified_time":"2025-07-03T09:34:58+00:00","twitter_card":"summary_large_image","twitter_misc":{"Est. reading time":"3 minutes"},"schema":{"@context":"https:\/\/schema.org","@graph":[{"@type":"WebPage","@id":"https:\/\/clinicalaseo.com\/en\/withdrawal\/","url":"https:\/\/clinicalaseo.com\/en\/withdrawal\/","name":"Right of Withdrawal | Cl\u00ednica La Seo | Cancellation Policy","isPartOf":{"@id":"https:\/\/clinicalaseo.com\/#website"},"datePublished":"2025-04-05T11:54:39+00:00","dateModified":"2025-07-03T09:34:58+00:00","description":"See our withdrawal policy at Cl\u00ednica La Seo. Learn about the terms and conditions for canceling or modifying your medical appointments quickly and easily.","breadcrumb":{"@id":"https:\/\/clinicalaseo.com\/en\/withdrawal\/#breadcrumb"},"inLanguage":"en-US","potentialAction":[{"@type":"ReadAction","target":["https:\/\/clinicalaseo.com\/en\/withdrawal\/"]}]},{"@type":"BreadcrumbList","@id":"https:\/\/clinicalaseo.com\/en\/withdrawal\/#breadcrumb","itemListElement":[{"@type":"ListItem","position":1,"name":"Portada","item":"https:\/\/clinicalaseo.com\/en\/"},{"@type":"ListItem","position":2,"name":"Withdrawal"}]},{"@type":"WebSite","@id":"https:\/\/clinicalaseo.com\/#website","url":"https:\/\/clinicalaseo.com\/","name":"CLINICA NUESTRA SE\u00d1ORA DE LA SEO S.L","description":"Centro m\u00e9dico asistencial en X\u00e0tiva","potentialAction":[{"@type":"SearchAction","target":{"@type":"EntryPoint","urlTemplate":"https:\/\/clinicalaseo.com\/?s={search_term_string}"},"query-input":{"@type":"PropertyValueSpecification","valueRequired":true,"valueName":"search_term_string"}}],"inLanguage":"en-US"},{"@type":"ImageObject","inLanguage":"en-US","@id":"https:\/\/clinicalaseo.com\/en\/withdrawal\/#local-main-organization-logo","url":"","contentUrl":"","caption":"CLINICA NUESTRA SE\u00d1ORA DE LA SEO S.L"}]}},"_links":{"self":[{"href":"https:\/\/clinicalaseo.com\/en\/wp-json\/wp\/v2\/pages\/20494","targetHints":{"allow":["GET"]}}],"collection":[{"href":"https:\/\/clinicalaseo.com\/en\/wp-json\/wp\/v2\/pages"}],"about":[{"href":"https:\/\/clinicalaseo.com\/en\/wp-json\/wp\/v2\/types\/page"}],"author":[{"embeddable":true,"href":"https:\/\/clinicalaseo.com\/en\/wp-json\/wp\/v2\/users\/1"}],"replies":[{"embeddable":true,"href":"https:\/\/clinicalaseo.com\/en\/wp-json\/wp\/v2\/comments?post=20494"}],"version-history":[{"count":2,"href":"https:\/\/clinicalaseo.com\/en\/wp-json\/wp\/v2\/pages\/20494\/revisions"}],"predecessor-version":[{"id":20813,"href":"https:\/\/clinicalaseo.com\/en\/wp-json\/wp\/v2\/pages\/20494\/revisions\/20813"}],"wp:attachment":[{"href":"https:\/\/clinicalaseo.com\/en\/wp-json\/wp\/v2\/media?parent=20494"}],"curies":[{"name":"wp","href":"https:\/\/api.w.org\/{rel}","templated":true}]}}